{"id":5164,"date":"2023-11-28T10:19:07","date_gmt":"2023-11-28T10:19:07","guid":{"rendered":"https:\/\/autopaint.ee\/toode\/hs-clear-coat-super-21-5l\/"},"modified":"2023-11-28T10:55:20","modified_gmt":"2023-11-28T10:55:20","slug":"hs-clear-coat-super-21-5l","status":"publish","type":"product","link":"https:\/\/autopaint.ee\/ru\/toode\/hs-clear-coat-super-21-5l\/","title":{"rendered":"HS Clear Coat Super 2:1 5L"},"content":{"rendered":"<p>S\u00dcSTEEM 20<br \/>\nKvaliteetne lakk, millel on hea m\u00e4\u00e4ritavus ja l\u00e4ige.<\/p>\n<p>Suurep\u00e4rane tehasev\u00e4rvi reprodutseerimiseks.<\/p>\n<p>Segab k\u00f5venditega S2030, S2032.<\/p>\n","protected":false},"excerpt":{"rendered":"<p>S\u00dcSTEEM 20 Kvaliteetne lakk, millel on hea m\u00e4\u00e4ritavus ja l\u00e4ige. Suurep\u00e4rane tehasev\u00e4rvi reprodutseerimiseks. Segab k\u00f5venditega S2030, S2032.<\/p>\n","protected":false},"featured_media":5128,"comment_status":"closed","ping_status":"closed","template":"","meta":[],"product_brand":[],"product_cat":[205],"product_tag":[],"class_list":{"0":"post-5164","1":"product","2":"type-product","3":"status-publish","4":"has-post-thumbnail","6":"product_cat-lakk-ru","7":"pa_brand-u-pol-ru","9":"first","10":"onbackorder","11":"taxable","12":"shipping-taxable","13":"purchasable","14":"product-type-simple"},"yoast_head":"<!-- This site is optimized with the Yoast SEO plugin v27.3 - https:\/\/yoast.com\/product\/yoast-seo-wordpress\/ -->\n<title>HS Clear Coat Super 2:1 5L - Autopaint<\/title>\n<meta name=\"description\" content=\"S\u00dcSTEEM 20 Kvaliteetne lakk, millel on hea m\u00e4\u00e4ritavus ja l\u00e4ige. Suurep\u00e4rane tehasev\u00e4rvi reprodutseerimiseks. Segab k\u00f5venditega S2030, S2032.\" \/>\n<meta name=\"robots\" content=\"index, follow, max-snippet:-1, max-image-preview:large, max-video-preview:-1\" \/>\n<link rel=\"canonical\" href=\"https:\/\/autopaint.ee\/toode\/hs-clear-coat-super-21-5l\/\" \/>\n<meta property=\"og:locale\" content=\"ru_RU\" \/>\n<meta property=\"og:type\" content=\"article\" \/>\n<meta property=\"og:title\" content=\"HS Clear Coat Super 2:1 5L - Autopaint\" \/>\n<meta property=\"og:description\" content=\"S\u00dcSTEEM 20 Kvaliteetne lakk, millel on hea m\u00e4\u00e4ritavus ja l\u00e4ige. Suurep\u00e4rane tehasev\u00e4rvi reprodutseerimiseks. Segab k\u00f5venditega S2030, S2032.\" \/>\n<meta property=\"og:url\" content=\"https:\/\/autopaint.ee\/toode\/hs-clear-coat-super-21-5l\/\" \/>\n<meta property=\"og:site_name\" content=\"Autopaint\" \/>\n<meta property=\"article:modified_time\" content=\"2023-11-28T10:55:20+00:00\" \/>\n<meta property=\"og:image\" content=\"https:\/\/autopaint.ee\/wp-content\/uploads\/2023\/11\/S2081-5-BRILLIANT-HS-CLEARCOAT-5L.png\" \/>\n\t<meta property=\"og:image:width\" content=\"2048\" \/>\n\t<meta property=\"og:image:height\" content=\"2049\" \/>\n\t<meta property=\"og:image:type\" content=\"image\/png\" \/>\n<meta name=\"twitter:card\" content=\"summary_large_image\" \/>\n<script type=\"application\/ld+json\" class=\"yoast-schema-graph\">{\"@context\":\"https:\\\/\\\/schema.org\",\"@graph\":[{\"@type\":\"WebPage\",\"@id\":\"https:\\\/\\\/autopaint.ee\\\/toode\\\/hs-clear-coat-super-21-5l\\\/\",\"url\":\"https:\\\/\\\/autopaint.ee\\\/toode\\\/hs-clear-coat-super-21-5l\\\/\",\"name\":\"HS Clear Coat Super 2:1 5L - Autopaint\",\"isPartOf\":{\"@id\":\"https:\\\/\\\/autopaint.ee\\\/#website\"},\"primaryImageOfPage\":{\"@id\":\"https:\\\/\\\/autopaint.ee\\\/toode\\\/hs-clear-coat-super-21-5l\\\/#primaryimage\"},\"image\":{\"@id\":\"https:\\\/\\\/autopaint.ee\\\/toode\\\/hs-clear-coat-super-21-5l\\\/#primaryimage\"},\"thumbnailUrl\":\"https:\\\/\\\/autopaint.ee\\\/wp-content\\\/uploads\\\/2023\\\/11\\\/S2081-5-BRILLIANT-HS-CLEARCOAT-5L.png\",\"datePublished\":\"2023-11-28T10:19:07+00:00\",\"dateModified\":\"2023-11-28T10:55:20+00:00\",\"description\":\"S\u00dcSTEEM 20 Kvaliteetne lakk, millel on hea m\u00e4\u00e4ritavus ja l\u00e4ige. Suurep\u00e4rane tehasev\u00e4rvi reprodutseerimiseks. Segab k\u00f5venditega S2030, S2032.\",\"breadcrumb\":{\"@id\":\"https:\\\/\\\/autopaint.ee\\\/toode\\\/hs-clear-coat-super-21-5l\\\/#breadcrumb\"},\"inLanguage\":\"ru-RU\",\"potentialAction\":[{\"@type\":\"ReadAction\",\"target\":[\"https:\\\/\\\/autopaint.ee\\\/toode\\\/hs-clear-coat-super-21-5l\\\/\"]}]},{\"@type\":\"ImageObject\",\"inLanguage\":\"ru-RU\",\"@id\":\"https:\\\/\\\/autopaint.ee\\\/toode\\\/hs-clear-coat-super-21-5l\\\/#primaryimage\",\"url\":\"https:\\\/\\\/autopaint.ee\\\/wp-content\\\/uploads\\\/2023\\\/11\\\/S2081-5-BRILLIANT-HS-CLEARCOAT-5L.png\",\"contentUrl\":\"https:\\\/\\\/autopaint.ee\\\/wp-content\\\/uploads\\\/2023\\\/11\\\/S2081-5-BRILLIANT-HS-CLEARCOAT-5L.png\",\"width\":2048,\"height\":2049,\"caption\":\"S2081 5 BRILLIANT HS CLEARCOAT 5L\"},{\"@type\":\"BreadcrumbList\",\"@id\":\"https:\\\/\\\/autopaint.ee\\\/toode\\\/hs-clear-coat-super-21-5l\\\/#breadcrumb\",\"itemListElement\":[{\"@type\":\"ListItem\",\"position\":1,\"name\":\"Home\",\"item\":\"https:\\\/\\\/autopaint.ee\\\/ru\\\/\"},{\"@type\":\"ListItem\",\"position\":2,\"name\":\"\u041c\u0430\u0433\u0430\u0437\u0438\u043d\",\"item\":\"https:\\\/\\\/autopaint.ee\\\/ru\\\/pood\\\/\"},{\"@type\":\"ListItem\",\"position\":3,\"name\":\"HS Clear Coat Super 2:1 5L\"}]},{\"@type\":\"WebSite\",\"@id\":\"https:\\\/\\\/autopaint.ee\\\/#website\",\"url\":\"https:\\\/\\\/autopaint.ee\\\/\",\"name\":\"Autopaint\",\"description\":\"J&auml;rgmine WordPress veebileht\",\"publisher\":{\"@id\":\"https:\\\/\\\/autopaint.ee\\\/#organization\"},\"potentialAction\":[{\"@type\":\"SearchAction\",\"target\":{\"@type\":\"EntryPoint\",\"urlTemplate\":\"https:\\\/\\\/autopaint.ee\\\/?s={search_term_string}\"},\"query-input\":{\"@type\":\"PropertyValueSpecification\",\"valueRequired\":true,\"valueName\":\"search_term_string\"}}],\"inLanguage\":\"ru-RU\"},{\"@type\":\"Organization\",\"@id\":\"https:\\\/\\\/autopaint.ee\\\/#organization\",\"name\":\"Autopaint O\u00dc\",\"url\":\"https:\\\/\\\/autopaint.ee\\\/\",\"logo\":{\"@type\":\"ImageObject\",\"inLanguage\":\"ru-RU\",\"@id\":\"https:\\\/\\\/autopaint.ee\\\/#\\\/schema\\\/logo\\\/image\\\/\",\"url\":\"https:\\\/\\\/autopaint.ee\\\/wp-content\\\/uploads\\\/2023\\\/06\\\/cropped-logo.png\",\"contentUrl\":\"https:\\\/\\\/autopaint.ee\\\/wp-content\\\/uploads\\\/2023\\\/06\\\/cropped-logo.png\",\"width\":221,\"height\":114,\"caption\":\"Autopaint O\u00dc\"},\"image\":{\"@id\":\"https:\\\/\\\/autopaint.ee\\\/#\\\/schema\\\/logo\\\/image\\\/\"}}]}<\/script>\n<!-- \/ Yoast SEO plugin. -->","yoast_head_json":{"title":"HS Clear Coat Super 2:1 5L - Autopaint","description":"S\u00dcSTEEM 20 Kvaliteetne lakk, millel on hea m\u00e4\u00e4ritavus ja l\u00e4ige. Suurep\u00e4rane tehasev\u00e4rvi reprodutseerimiseks. Segab k\u00f5venditega S2030, S2032.","robots":{"index":"index","follow":"follow","max-snippet":"max-snippet:-1","max-image-preview":"max-image-preview:large","max-video-preview":"max-video-preview:-1"},"canonical":"https:\/\/autopaint.ee\/toode\/hs-clear-coat-super-21-5l\/","og_locale":"ru_RU","og_type":"article","og_title":"HS Clear Coat Super 2:1 5L - Autopaint","og_description":"S\u00dcSTEEM 20 Kvaliteetne lakk, millel on hea m\u00e4\u00e4ritavus ja l\u00e4ige. Suurep\u00e4rane tehasev\u00e4rvi reprodutseerimiseks. Segab k\u00f5venditega S2030, S2032.","og_url":"https:\/\/autopaint.ee\/toode\/hs-clear-coat-super-21-5l\/","og_site_name":"Autopaint","article_modified_time":"2023-11-28T10:55:20+00:00","og_image":[{"width":2048,"height":2049,"url":"https:\/\/autopaint.ee\/wp-content\/uploads\/2023\/11\/S2081-5-BRILLIANT-HS-CLEARCOAT-5L.png","type":"image\/png"}],"twitter_card":"summary_large_image","schema":{"@context":"https:\/\/schema.org","@graph":[{"@type":"WebPage","@id":"https:\/\/autopaint.ee\/toode\/hs-clear-coat-super-21-5l\/","url":"https:\/\/autopaint.ee\/toode\/hs-clear-coat-super-21-5l\/","name":"HS Clear Coat Super 2:1 5L - Autopaint","isPartOf":{"@id":"https:\/\/autopaint.ee\/#website"},"primaryImageOfPage":{"@id":"https:\/\/autopaint.ee\/toode\/hs-clear-coat-super-21-5l\/#primaryimage"},"image":{"@id":"https:\/\/autopaint.ee\/toode\/hs-clear-coat-super-21-5l\/#primaryimage"},"thumbnailUrl":"https:\/\/autopaint.ee\/wp-content\/uploads\/2023\/11\/S2081-5-BRILLIANT-HS-CLEARCOAT-5L.png","datePublished":"2023-11-28T10:19:07+00:00","dateModified":"2023-11-28T10:55:20+00:00","description":"S\u00dcSTEEM 20 Kvaliteetne lakk, millel on hea m\u00e4\u00e4ritavus ja l\u00e4ige. Suurep\u00e4rane tehasev\u00e4rvi reprodutseerimiseks. Segab k\u00f5venditega S2030, S2032.","breadcrumb":{"@id":"https:\/\/autopaint.ee\/toode\/hs-clear-coat-super-21-5l\/#breadcrumb"},"inLanguage":"ru-RU","potentialAction":[{"@type":"ReadAction","target":["https:\/\/autopaint.ee\/toode\/hs-clear-coat-super-21-5l\/"]}]},{"@type":"ImageObject","inLanguage":"ru-RU","@id":"https:\/\/autopaint.ee\/toode\/hs-clear-coat-super-21-5l\/#primaryimage","url":"https:\/\/autopaint.ee\/wp-content\/uploads\/2023\/11\/S2081-5-BRILLIANT-HS-CLEARCOAT-5L.png","contentUrl":"https:\/\/autopaint.ee\/wp-content\/uploads\/2023\/11\/S2081-5-BRILLIANT-HS-CLEARCOAT-5L.png","width":2048,"height":2049,"caption":"S2081 5 BRILLIANT HS CLEARCOAT 5L"},{"@type":"BreadcrumbList","@id":"https:\/\/autopaint.ee\/toode\/hs-clear-coat-super-21-5l\/#breadcrumb","itemListElement":[{"@type":"ListItem","position":1,"name":"Home","item":"https:\/\/autopaint.ee\/ru\/"},{"@type":"ListItem","position":2,"name":"\u041c\u0430\u0433\u0430\u0437\u0438\u043d","item":"https:\/\/autopaint.ee\/ru\/pood\/"},{"@type":"ListItem","position":3,"name":"HS Clear Coat Super 2:1 5L"}]},{"@type":"WebSite","@id":"https:\/\/autopaint.ee\/#website","url":"https:\/\/autopaint.ee\/","name":"Autopaint","description":"J&auml;rgmine WordPress veebileht","publisher":{"@id":"https:\/\/autopaint.ee\/#organization"},"potentialAction":[{"@type":"SearchAction","target":{"@type":"EntryPoint","urlTemplate":"https:\/\/autopaint.ee\/?s={search_term_string}"},"query-input":{"@type":"PropertyValueSpecification","valueRequired":true,"valueName":"search_term_string"}}],"inLanguage":"ru-RU"},{"@type":"Organization","@id":"https:\/\/autopaint.ee\/#organization","name":"Autopaint O\u00dc","url":"https:\/\/autopaint.ee\/","logo":{"@type":"ImageObject","inLanguage":"ru-RU","@id":"https:\/\/autopaint.ee\/#\/schema\/logo\/image\/","url":"https:\/\/autopaint.ee\/wp-content\/uploads\/2023\/06\/cropped-logo.png","contentUrl":"https:\/\/autopaint.ee\/wp-content\/uploads\/2023\/06\/cropped-logo.png","width":221,"height":114,"caption":"Autopaint O\u00dc"},"image":{"@id":"https:\/\/autopaint.ee\/#\/schema\/logo\/image\/"}}]}},"_links":{"self":[{"href":"https:\/\/autopaint.ee\/ru\/wp-json\/wp\/v2\/product\/5164","targetHints":{"allow":["GET"]}}],"collection":[{"href":"https:\/\/autopaint.ee\/ru\/wp-json\/wp\/v2\/product"}],"about":[{"href":"https:\/\/autopaint.ee\/ru\/wp-json\/wp\/v2\/types\/product"}],"replies":[{"embeddable":true,"href":"https:\/\/autopaint.ee\/ru\/wp-json\/wp\/v2\/comments?post=5164"}],"version-history":[{"count":1,"href":"https:\/\/autopaint.ee\/ru\/wp-json\/wp\/v2\/product\/5164\/revisions"}],"predecessor-version":[{"id":5165,"href":"https:\/\/autopaint.ee\/ru\/wp-json\/wp\/v2\/product\/5164\/revisions\/5165"}],"wp:featuredmedia":[{"embeddable":true,"href":"https:\/\/autopaint.ee\/ru\/wp-json\/wp\/v2\/media\/5128"}],"wp:attachment":[{"href":"https:\/\/autopaint.ee\/ru\/wp-json\/wp\/v2\/media?parent=5164"}],"wp:term":[{"taxonomy":"product_brand","embeddable":true,"href":"https:\/\/autopaint.ee\/ru\/wp-json\/wp\/v2\/product_brand?post=5164"},{"taxonomy":"product_cat","embeddable":true,"href":"https:\/\/autopaint.ee\/ru\/wp-json\/wp\/v2\/product_cat?post=5164"},{"taxonomy":"product_tag","embeddable":true,"href":"https:\/\/autopaint.ee\/ru\/wp-json\/wp\/v2\/product_tag?post=5164"}],"curies":[{"name":"wp","href":"https:\/\/api.w.org\/{rel}","templated":true}]}}