{"id":5178,"date":"2023-11-28T10:14:59","date_gmt":"2023-11-28T10:14:59","guid":{"rendered":"https:\/\/autopaint.ee\/toode\/rapid-10-body-filler-1-1l\/"},"modified":"2023-11-28T10:14:59","modified_gmt":"2023-11-28T10:14:59","slug":"rapid-10-body-filler-1-1l","status":"publish","type":"product","link":"https:\/\/autopaint.ee\/ru\/toode\/rapid-10-body-filler-1-1l\/","title":{"rendered":"RAPID 10 BODY FILLER 1.1L"},"content":{"rendered":"<p>RAPID SYSTEM\u2122<br \/>\nInnovaatilise \u00fclikiire k\u00f5venemise tehnoloogiaga keskmise s\u00fcgavusega remondit\u00f6\u00f6de jaoks m\u00f5eldud Rapid System keret\u00e4iteaine on meie k\u00f5ige kiiremini kuivav t\u00e4iteaine. Lihtne peale kanda ja aitab l\u00fchendada ts\u00fckliaegu, suurendades samal ajal keret\u00f6\u00f6koja l\u00e4bilaskev\u00f5imet.<\/p>\n<p>Ravib 10 minutiga<br \/>\nSobib keskmiseks remondiks<br \/>\nSuurep\u00e4rane nakkuvus mitme aluspinnaga<br \/>\nAluspinnad: otse metallile, OEM v\u00e4rvipinnad, alumiinium, tsingitud, SMC, klaaskiud, kergelt h\u00f5\u00f5rdunud E-Coat<\/p>\n","protected":false},"excerpt":{"rendered":"<p>RAPID SYSTEM\u2122 Innovaatilise \u00fclikiire k\u00f5venemise tehnoloogiaga keskmise s\u00fcgavusega remondit\u00f6\u00f6de jaoks m\u00f5eldud Rapid System keret\u00e4iteaine on meie k\u00f5ige kiiremini kuivav t\u00e4iteaine. Lihtne peale kanda ja aitab l\u00fchendada<span class=\"excerpt-hellip\"> [\u2026]<\/span><\/p>\n","protected":false},"featured_media":5026,"comment_status":"closed","ping_status":"closed","template":"","meta":[],"product_brand":[],"product_cat":[243],"product_tag":[],"class_list":{"0":"post-5178","1":"product","2":"type-product","3":"status-publish","4":"has-post-thumbnail","6":"product_cat-pahtel-ru","7":"pa_brand-u-pol-ru","9":"first","10":"onbackorder","11":"taxable","12":"shipping-taxable","13":"purchasable","14":"product-type-simple"},"yoast_head":"<!-- This site is optimized with the Yoast SEO plugin v27.6 - https:\/\/yoast.com\/product\/yoast-seo-wordpress\/ -->\n<title>RAPID 10 BODY FILLER 1.1L - Autopaint<\/title>\n<meta name=\"description\" content=\"RAPID SYSTEM\u2122 Innovaatilise \u00fclikiire k\u00f5venemise tehnoloogiaga keskmise s\u00fcgavusega remondit\u00f6\u00f6de jaoks m\u00f5eldud Rapid System keret\u00e4iteaine on meie k\u00f5ige kiiremini kuivav t\u00e4iteaine. Lihtne peale kanda ja aitab l\u00fchendada ts\u00fckliaegu, suurendades samal ajal keret\u00f6\u00f6koja l\u00e4bilaskev\u00f5imet. Ravib 10 minutiga Sobib keskmiseks remondiks Suurep\u00e4rane nakkuvus mitme aluspinnaga Aluspinnad: otse metallile, OEM v\u00e4rvipinnad, alumiinium, tsingitud, SMC, klaaskiud, kergelt h\u00f5\u00f5rdunud E-Coat\" \/>\n<meta name=\"robots\" content=\"index, follow, max-snippet:-1, max-image-preview:large, max-video-preview:-1\" \/>\n<link rel=\"canonical\" href=\"https:\/\/autopaint.ee\/toode\/rapid-10-body-filler-1-1l\/\" \/>\n<meta property=\"og:locale\" content=\"ru_RU\" \/>\n<meta property=\"og:type\" content=\"article\" \/>\n<meta property=\"og:title\" content=\"RAPID 10 BODY FILLER 1.1L - Autopaint\" \/>\n<meta property=\"og:description\" content=\"RAPID SYSTEM\u2122 Innovaatilise \u00fclikiire k\u00f5venemise tehnoloogiaga keskmise s\u00fcgavusega remondit\u00f6\u00f6de jaoks m\u00f5eldud Rapid System keret\u00e4iteaine on meie k\u00f5ige kiiremini kuivav t\u00e4iteaine. Lihtne peale kanda ja aitab l\u00fchendada ts\u00fckliaegu, suurendades samal ajal keret\u00f6\u00f6koja l\u00e4bilaskev\u00f5imet. Ravib 10 minutiga Sobib keskmiseks remondiks Suurep\u00e4rane nakkuvus mitme aluspinnaga Aluspinnad: otse metallile, OEM v\u00e4rvipinnad, alumiinium, tsingitud, SMC, klaaskiud, kergelt h\u00f5\u00f5rdunud E-Coat\" \/>\n<meta property=\"og:url\" content=\"https:\/\/autopaint.ee\/toode\/rapid-10-body-filler-1-1l\/\" \/>\n<meta property=\"og:site_name\" content=\"Autopaint\" \/>\n<meta property=\"og:image\" content=\"https:\/\/autopaint.ee\/wp-content\/uploads\/2023\/11\/RS6101_RAPID-BODY-FILLER-1.1L.png\" \/>\n\t<meta property=\"og:image:width\" content=\"1835\" \/>\n\t<meta property=\"og:image:height\" content=\"1835\" \/>\n\t<meta property=\"og:image:type\" content=\"image\/png\" \/>\n<meta name=\"twitter:card\" content=\"summary_large_image\" \/>\n<script type=\"application\/ld+json\" class=\"yoast-schema-graph\">{\"@context\":\"https:\\\/\\\/schema.org\",\"@graph\":[{\"@type\":\"WebPage\",\"@id\":\"https:\\\/\\\/autopaint.ee\\\/toode\\\/rapid-10-body-filler-1-1l\\\/\",\"url\":\"https:\\\/\\\/autopaint.ee\\\/toode\\\/rapid-10-body-filler-1-1l\\\/\",\"name\":\"RAPID 10 BODY FILLER 1.1L - Autopaint\",\"isPartOf\":{\"@id\":\"https:\\\/\\\/autopaint.ee\\\/#website\"},\"primaryImageOfPage\":{\"@id\":\"https:\\\/\\\/autopaint.ee\\\/toode\\\/rapid-10-body-filler-1-1l\\\/#primaryimage\"},\"image\":{\"@id\":\"https:\\\/\\\/autopaint.ee\\\/toode\\\/rapid-10-body-filler-1-1l\\\/#primaryimage\"},\"thumbnailUrl\":\"https:\\\/\\\/autopaint.ee\\\/wp-content\\\/uploads\\\/2023\\\/11\\\/RS6101_RAPID-BODY-FILLER-1.1L.png\",\"datePublished\":\"2023-11-28T10:14:59+00:00\",\"description\":\"RAPID SYSTEM\u2122 Innovaatilise \u00fclikiire k\u00f5venemise tehnoloogiaga keskmise s\u00fcgavusega remondit\u00f6\u00f6de jaoks m\u00f5eldud Rapid System keret\u00e4iteaine on meie k\u00f5ige kiiremini kuivav t\u00e4iteaine. Lihtne peale kanda ja aitab l\u00fchendada ts\u00fckliaegu, suurendades samal ajal keret\u00f6\u00f6koja l\u00e4bilaskev\u00f5imet. Ravib 10 minutiga Sobib keskmiseks remondiks Suurep\u00e4rane nakkuvus mitme aluspinnaga Aluspinnad: otse metallile, OEM v\u00e4rvipinnad, alumiinium, tsingitud, SMC, klaaskiud, kergelt h\u00f5\u00f5rdunud E-Coat\",\"breadcrumb\":{\"@id\":\"https:\\\/\\\/autopaint.ee\\\/toode\\\/rapid-10-body-filler-1-1l\\\/#breadcrumb\"},\"inLanguage\":\"ru-RU\",\"potentialAction\":[{\"@type\":\"ReadAction\",\"target\":[\"https:\\\/\\\/autopaint.ee\\\/toode\\\/rapid-10-body-filler-1-1l\\\/\"]}]},{\"@type\":\"ImageObject\",\"inLanguage\":\"ru-RU\",\"@id\":\"https:\\\/\\\/autopaint.ee\\\/toode\\\/rapid-10-body-filler-1-1l\\\/#primaryimage\",\"url\":\"https:\\\/\\\/autopaint.ee\\\/wp-content\\\/uploads\\\/2023\\\/11\\\/RS6101_RAPID-BODY-FILLER-1.1L.png\",\"contentUrl\":\"https:\\\/\\\/autopaint.ee\\\/wp-content\\\/uploads\\\/2023\\\/11\\\/RS6101_RAPID-BODY-FILLER-1.1L.png\",\"width\":1835,\"height\":1835,\"caption\":\"RS6101 RAPID BODY FILLER 1.1L\"},{\"@type\":\"BreadcrumbList\",\"@id\":\"https:\\\/\\\/autopaint.ee\\\/toode\\\/rapid-10-body-filler-1-1l\\\/#breadcrumb\",\"itemListElement\":[{\"@type\":\"ListItem\",\"position\":1,\"name\":\"Home\",\"item\":\"https:\\\/\\\/autopaint.ee\\\/ru\\\/\"},{\"@type\":\"ListItem\",\"position\":2,\"name\":\"\u041c\u0430\u0433\u0430\u0437\u0438\u043d\",\"item\":\"https:\\\/\\\/autopaint.ee\\\/ru\\\/pood\\\/\"},{\"@type\":\"ListItem\",\"position\":3,\"name\":\"RAPID 10 BODY FILLER 1.1L\"}]},{\"@type\":\"WebSite\",\"@id\":\"https:\\\/\\\/autopaint.ee\\\/#website\",\"url\":\"https:\\\/\\\/autopaint.ee\\\/\",\"name\":\"Autopaint\",\"description\":\"J&auml;rgmine WordPress veebileht\",\"publisher\":{\"@id\":\"https:\\\/\\\/autopaint.ee\\\/#organization\"},\"potentialAction\":[{\"@type\":\"SearchAction\",\"target\":{\"@type\":\"EntryPoint\",\"urlTemplate\":\"https:\\\/\\\/autopaint.ee\\\/?s={search_term_string}\"},\"query-input\":{\"@type\":\"PropertyValueSpecification\",\"valueRequired\":true,\"valueName\":\"search_term_string\"}}],\"inLanguage\":\"ru-RU\"},{\"@type\":\"Organization\",\"@id\":\"https:\\\/\\\/autopaint.ee\\\/#organization\",\"name\":\"Autopaint O\u00dc\",\"url\":\"https:\\\/\\\/autopaint.ee\\\/\",\"logo\":{\"@type\":\"ImageObject\",\"inLanguage\":\"ru-RU\",\"@id\":\"https:\\\/\\\/autopaint.ee\\\/#\\\/schema\\\/logo\\\/image\\\/\",\"url\":\"https:\\\/\\\/autopaint.ee\\\/wp-content\\\/uploads\\\/2023\\\/06\\\/cropped-logo.png\",\"contentUrl\":\"https:\\\/\\\/autopaint.ee\\\/wp-content\\\/uploads\\\/2023\\\/06\\\/cropped-logo.png\",\"width\":221,\"height\":114,\"caption\":\"Autopaint O\u00dc\"},\"image\":{\"@id\":\"https:\\\/\\\/autopaint.ee\\\/#\\\/schema\\\/logo\\\/image\\\/\"}}]}<\/script>\n<!-- \/ Yoast SEO plugin. -->","yoast_head_json":{"title":"RAPID 10 BODY FILLER 1.1L - Autopaint","description":"RAPID SYSTEM\u2122 Innovaatilise \u00fclikiire k\u00f5venemise tehnoloogiaga keskmise s\u00fcgavusega remondit\u00f6\u00f6de jaoks m\u00f5eldud Rapid System keret\u00e4iteaine on meie k\u00f5ige kiiremini kuivav t\u00e4iteaine. Lihtne peale kanda ja aitab l\u00fchendada ts\u00fckliaegu, suurendades samal ajal keret\u00f6\u00f6koja l\u00e4bilaskev\u00f5imet. Ravib 10 minutiga Sobib keskmiseks remondiks Suurep\u00e4rane nakkuvus mitme aluspinnaga Aluspinnad: otse metallile, OEM v\u00e4rvipinnad, alumiinium, tsingitud, SMC, klaaskiud, kergelt h\u00f5\u00f5rdunud E-Coat","robots":{"index":"index","follow":"follow","max-snippet":"max-snippet:-1","max-image-preview":"max-image-preview:large","max-video-preview":"max-video-preview:-1"},"canonical":"https:\/\/autopaint.ee\/toode\/rapid-10-body-filler-1-1l\/","og_locale":"ru_RU","og_type":"article","og_title":"RAPID 10 BODY FILLER 1.1L - Autopaint","og_description":"RAPID SYSTEM\u2122 Innovaatilise \u00fclikiire k\u00f5venemise tehnoloogiaga keskmise s\u00fcgavusega remondit\u00f6\u00f6de jaoks m\u00f5eldud Rapid System keret\u00e4iteaine on meie k\u00f5ige kiiremini kuivav t\u00e4iteaine. Lihtne peale kanda ja aitab l\u00fchendada ts\u00fckliaegu, suurendades samal ajal keret\u00f6\u00f6koja l\u00e4bilaskev\u00f5imet. Ravib 10 minutiga Sobib keskmiseks remondiks Suurep\u00e4rane nakkuvus mitme aluspinnaga Aluspinnad: otse metallile, OEM v\u00e4rvipinnad, alumiinium, tsingitud, SMC, klaaskiud, kergelt h\u00f5\u00f5rdunud E-Coat","og_url":"https:\/\/autopaint.ee\/toode\/rapid-10-body-filler-1-1l\/","og_site_name":"Autopaint","og_image":[{"width":1835,"height":1835,"url":"https:\/\/autopaint.ee\/wp-content\/uploads\/2023\/11\/RS6101_RAPID-BODY-FILLER-1.1L.png","type":"image\/png"}],"twitter_card":"summary_large_image","schema":{"@context":"https:\/\/schema.org","@graph":[{"@type":"WebPage","@id":"https:\/\/autopaint.ee\/toode\/rapid-10-body-filler-1-1l\/","url":"https:\/\/autopaint.ee\/toode\/rapid-10-body-filler-1-1l\/","name":"RAPID 10 BODY FILLER 1.1L - Autopaint","isPartOf":{"@id":"https:\/\/autopaint.ee\/#website"},"primaryImageOfPage":{"@id":"https:\/\/autopaint.ee\/toode\/rapid-10-body-filler-1-1l\/#primaryimage"},"image":{"@id":"https:\/\/autopaint.ee\/toode\/rapid-10-body-filler-1-1l\/#primaryimage"},"thumbnailUrl":"https:\/\/autopaint.ee\/wp-content\/uploads\/2023\/11\/RS6101_RAPID-BODY-FILLER-1.1L.png","datePublished":"2023-11-28T10:14:59+00:00","description":"RAPID SYSTEM\u2122 Innovaatilise \u00fclikiire k\u00f5venemise tehnoloogiaga keskmise s\u00fcgavusega remondit\u00f6\u00f6de jaoks m\u00f5eldud Rapid System keret\u00e4iteaine on meie k\u00f5ige kiiremini kuivav t\u00e4iteaine. Lihtne peale kanda ja aitab l\u00fchendada ts\u00fckliaegu, suurendades samal ajal keret\u00f6\u00f6koja l\u00e4bilaskev\u00f5imet. Ravib 10 minutiga Sobib keskmiseks remondiks Suurep\u00e4rane nakkuvus mitme aluspinnaga Aluspinnad: otse metallile, OEM v\u00e4rvipinnad, alumiinium, tsingitud, SMC, klaaskiud, kergelt h\u00f5\u00f5rdunud E-Coat","breadcrumb":{"@id":"https:\/\/autopaint.ee\/toode\/rapid-10-body-filler-1-1l\/#breadcrumb"},"inLanguage":"ru-RU","potentialAction":[{"@type":"ReadAction","target":["https:\/\/autopaint.ee\/toode\/rapid-10-body-filler-1-1l\/"]}]},{"@type":"ImageObject","inLanguage":"ru-RU","@id":"https:\/\/autopaint.ee\/toode\/rapid-10-body-filler-1-1l\/#primaryimage","url":"https:\/\/autopaint.ee\/wp-content\/uploads\/2023\/11\/RS6101_RAPID-BODY-FILLER-1.1L.png","contentUrl":"https:\/\/autopaint.ee\/wp-content\/uploads\/2023\/11\/RS6101_RAPID-BODY-FILLER-1.1L.png","width":1835,"height":1835,"caption":"RS6101 RAPID BODY FILLER 1.1L"},{"@type":"BreadcrumbList","@id":"https:\/\/autopaint.ee\/toode\/rapid-10-body-filler-1-1l\/#breadcrumb","itemListElement":[{"@type":"ListItem","position":1,"name":"Home","item":"https:\/\/autopaint.ee\/ru\/"},{"@type":"ListItem","position":2,"name":"\u041c\u0430\u0433\u0430\u0437\u0438\u043d","item":"https:\/\/autopaint.ee\/ru\/pood\/"},{"@type":"ListItem","position":3,"name":"RAPID 10 BODY FILLER 1.1L"}]},{"@type":"WebSite","@id":"https:\/\/autopaint.ee\/#website","url":"https:\/\/autopaint.ee\/","name":"Autopaint","description":"J&auml;rgmine WordPress veebileht","publisher":{"@id":"https:\/\/autopaint.ee\/#organization"},"potentialAction":[{"@type":"SearchAction","target":{"@type":"EntryPoint","urlTemplate":"https:\/\/autopaint.ee\/?s={search_term_string}"},"query-input":{"@type":"PropertyValueSpecification","valueRequired":true,"valueName":"search_term_string"}}],"inLanguage":"ru-RU"},{"@type":"Organization","@id":"https:\/\/autopaint.ee\/#organization","name":"Autopaint O\u00dc","url":"https:\/\/autopaint.ee\/","logo":{"@type":"ImageObject","inLanguage":"ru-RU","@id":"https:\/\/autopaint.ee\/#\/schema\/logo\/image\/","url":"https:\/\/autopaint.ee\/wp-content\/uploads\/2023\/06\/cropped-logo.png","contentUrl":"https:\/\/autopaint.ee\/wp-content\/uploads\/2023\/06\/cropped-logo.png","width":221,"height":114,"caption":"Autopaint O\u00dc"},"image":{"@id":"https:\/\/autopaint.ee\/#\/schema\/logo\/image\/"}}]}},"_links":{"self":[{"href":"https:\/\/autopaint.ee\/ru\/wp-json\/wp\/v2\/product\/5178","targetHints":{"allow":["GET"]}}],"collection":[{"href":"https:\/\/autopaint.ee\/ru\/wp-json\/wp\/v2\/product"}],"about":[{"href":"https:\/\/autopaint.ee\/ru\/wp-json\/wp\/v2\/types\/product"}],"replies":[{"embeddable":true,"href":"https:\/\/autopaint.ee\/ru\/wp-json\/wp\/v2\/comments?post=5178"}],"version-history":[{"count":0,"href":"https:\/\/autopaint.ee\/ru\/wp-json\/wp\/v2\/product\/5178\/revisions"}],"wp:featuredmedia":[{"embeddable":true,"href":"https:\/\/autopaint.ee\/ru\/wp-json\/wp\/v2\/media\/5026"}],"wp:attachment":[{"href":"https:\/\/autopaint.ee\/ru\/wp-json\/wp\/v2\/media?parent=5178"}],"wp:term":[{"taxonomy":"product_brand","embeddable":true,"href":"https:\/\/autopaint.ee\/ru\/wp-json\/wp\/v2\/product_brand?post=5178"},{"taxonomy":"product_cat","embeddable":true,"href":"https:\/\/autopaint.ee\/ru\/wp-json\/wp\/v2\/product_cat?post=5178"},{"taxonomy":"product_tag","embeddable":true,"href":"https:\/\/autopaint.ee\/ru\/wp-json\/wp\/v2\/product_tag?post=5178"}],"curies":[{"name":"wp","href":"https:\/\/api.w.org\/{rel}","templated":true}]}}