{"id":5184,"date":"2023-11-28T10:14:58","date_gmt":"2023-11-28T10:14:58","guid":{"rendered":"https:\/\/autopaint.ee\/toode\/dolphin-brushable-finishing-putty-440ml\/"},"modified":"2023-11-28T10:14:58","modified_gmt":"2023-11-28T10:14:58","slug":"dolphin-brushable-finishing-putty-440ml","status":"publish","type":"product","link":"https:\/\/autopaint.ee\/ru\/toode\/dolphin-brushable-finishing-putty-440ml\/","title":{"rendered":"DOLPHIN &#8212; Brushable finishing putty 440ml"},"content":{"rendered":"<p>DOLFIIN\u2122<br \/>\nDolphin Glaze on esmaklassiline, tehniliselt t\u00e4iustatud viimistlusglasuur, mis on loodud eemaldama auke ja pinna ebatasasusi enne v\u00e4rvimist. Selle isetasanduv koostis annab sileda \u00fclipeene viimistluse, mis n\u00f5uab minimaalset lihvimist.<\/p>\n<p>Pinhole vastupidav<br \/>\nSuurep\u00e4rane nakkuvus<br \/>\nPoolpainduv<br \/>\nAluspinnad: otse metallile, ettevalmistatud OEM-v\u00e4rvipinnad, alumiinium, tsingitud, SMC, klaaskiud, kergelt h\u00f5\u00f5rdunud E-kate, enamik plastikuid<\/p>\n","protected":false},"excerpt":{"rendered":"<p>DOLFIIN\u2122 Dolphin Glaze on esmaklassiline, tehniliselt t\u00e4iustatud viimistlusglasuur, mis on loodud eemaldama auke ja pinna ebatasasusi enne v\u00e4rvimist. Selle isetasanduv koostis annab sileda \u00fclipeene viimistluse, mis<span class=\"excerpt-hellip\"> [\u2026]<\/span><\/p>\n","protected":false},"featured_media":5012,"comment_status":"closed","ping_status":"closed","template":"","meta":[],"product_brand":[],"product_cat":[243],"product_tag":[],"class_list":{"0":"post-5184","1":"product","2":"type-product","3":"status-publish","4":"has-post-thumbnail","6":"product_cat-pahtel-ru","7":"pa_brand-u-pol-ru","9":"first","10":"instock","11":"taxable","12":"shipping-taxable","13":"purchasable","14":"product-type-simple"},"yoast_head":"<!-- This site is optimized with the Yoast SEO plugin v27.6 - https:\/\/yoast.com\/product\/yoast-seo-wordpress\/ -->\n<title>DOLPHIN - Brushable finishing putty 440ml - Autopaint<\/title>\n<meta name=\"description\" content=\"DOLFIIN\u2122 Dolphin Glaze on esmaklassiline, tehniliselt t\u00e4iustatud viimistlusglasuur, mis on loodud eemaldama auke ja pinna ebatasasusi enne v\u00e4rvimist. Selle isetasanduv koostis annab sileda \u00fclipeene viimistluse, mis n\u00f5uab minimaalset lihvimist. Pinhole vastupidav Suurep\u00e4rane nakkuvus Poolpainduv Aluspinnad: otse metallile, ettevalmistatud OEM-v\u00e4rvipinnad, alumiinium, tsingitud, SMC, klaaskiud, kergelt h\u00f5\u00f5rdunud E-kate, enamik plastikuid\" \/>\n<meta name=\"robots\" content=\"index, follow, max-snippet:-1, max-image-preview:large, max-video-preview:-1\" \/>\n<link rel=\"canonical\" href=\"https:\/\/autopaint.ee\/toode\/dolphin-brushable-finishing-putty-440ml\/\" \/>\n<meta property=\"og:locale\" content=\"ru_RU\" \/>\n<meta property=\"og:type\" content=\"article\" \/>\n<meta property=\"og:title\" content=\"DOLPHIN - Brushable finishing putty 440ml - Autopaint\" \/>\n<meta property=\"og:description\" content=\"DOLFIIN\u2122 Dolphin Glaze on esmaklassiline, tehniliselt t\u00e4iustatud viimistlusglasuur, mis on loodud eemaldama auke ja pinna ebatasasusi enne v\u00e4rvimist. Selle isetasanduv koostis annab sileda \u00fclipeene viimistluse, mis n\u00f5uab minimaalset lihvimist. Pinhole vastupidav Suurep\u00e4rane nakkuvus Poolpainduv Aluspinnad: otse metallile, ettevalmistatud OEM-v\u00e4rvipinnad, alumiinium, tsingitud, SMC, klaaskiud, kergelt h\u00f5\u00f5rdunud E-kate, enamik plastikuid\" \/>\n<meta property=\"og:url\" content=\"https:\/\/autopaint.ee\/toode\/dolphin-brushable-finishing-putty-440ml\/\" \/>\n<meta property=\"og:site_name\" content=\"Autopaint\" \/>\n<meta property=\"og:image\" content=\"https:\/\/autopaint.ee\/wp-content\/uploads\/2023\/11\/BAGDOL-1_Dolphin-Glaze-400ml-scaled.png\" \/>\n\t<meta property=\"og:image:width\" content=\"1431\" \/>\n\t<meta property=\"og:image:height\" content=\"2048\" \/>\n\t<meta property=\"og:image:type\" content=\"image\/png\" \/>\n<meta name=\"twitter:card\" content=\"summary_large_image\" \/>\n<script type=\"application\/ld+json\" class=\"yoast-schema-graph\">{\"@context\":\"https:\\\/\\\/schema.org\",\"@graph\":[{\"@type\":\"WebPage\",\"@id\":\"https:\\\/\\\/autopaint.ee\\\/toode\\\/dolphin-brushable-finishing-putty-440ml\\\/\",\"url\":\"https:\\\/\\\/autopaint.ee\\\/toode\\\/dolphin-brushable-finishing-putty-440ml\\\/\",\"name\":\"DOLPHIN - Brushable finishing putty 440ml - Autopaint\",\"isPartOf\":{\"@id\":\"https:\\\/\\\/autopaint.ee\\\/#website\"},\"primaryImageOfPage\":{\"@id\":\"https:\\\/\\\/autopaint.ee\\\/toode\\\/dolphin-brushable-finishing-putty-440ml\\\/#primaryimage\"},\"image\":{\"@id\":\"https:\\\/\\\/autopaint.ee\\\/toode\\\/dolphin-brushable-finishing-putty-440ml\\\/#primaryimage\"},\"thumbnailUrl\":\"https:\\\/\\\/autopaint.ee\\\/wp-content\\\/uploads\\\/2023\\\/11\\\/BAGDOL-1_Dolphin-Glaze-400ml-scaled.png\",\"datePublished\":\"2023-11-28T10:14:58+00:00\",\"description\":\"DOLFIIN\u2122 Dolphin Glaze on esmaklassiline, tehniliselt t\u00e4iustatud viimistlusglasuur, mis on loodud eemaldama auke ja pinna ebatasasusi enne v\u00e4rvimist. Selle isetasanduv koostis annab sileda \u00fclipeene viimistluse, mis n\u00f5uab minimaalset lihvimist. Pinhole vastupidav Suurep\u00e4rane nakkuvus Poolpainduv Aluspinnad: otse metallile, ettevalmistatud OEM-v\u00e4rvipinnad, alumiinium, tsingitud, SMC, klaaskiud, kergelt h\u00f5\u00f5rdunud E-kate, enamik plastikuid\",\"breadcrumb\":{\"@id\":\"https:\\\/\\\/autopaint.ee\\\/toode\\\/dolphin-brushable-finishing-putty-440ml\\\/#breadcrumb\"},\"inLanguage\":\"ru-RU\",\"potentialAction\":[{\"@type\":\"ReadAction\",\"target\":[\"https:\\\/\\\/autopaint.ee\\\/toode\\\/dolphin-brushable-finishing-putty-440ml\\\/\"]}]},{\"@type\":\"ImageObject\",\"inLanguage\":\"ru-RU\",\"@id\":\"https:\\\/\\\/autopaint.ee\\\/toode\\\/dolphin-brushable-finishing-putty-440ml\\\/#primaryimage\",\"url\":\"https:\\\/\\\/autopaint.ee\\\/wp-content\\\/uploads\\\/2023\\\/11\\\/BAGDOL-1_Dolphin-Glaze-400ml-scaled.png\",\"contentUrl\":\"https:\\\/\\\/autopaint.ee\\\/wp-content\\\/uploads\\\/2023\\\/11\\\/BAGDOL-1_Dolphin-Glaze-400ml-scaled.png\",\"width\":1431,\"height\":2048,\"caption\":\"BAGDOL 1 Dolphin Glaze 400ml\"},{\"@type\":\"BreadcrumbList\",\"@id\":\"https:\\\/\\\/autopaint.ee\\\/toode\\\/dolphin-brushable-finishing-putty-440ml\\\/#breadcrumb\",\"itemListElement\":[{\"@type\":\"ListItem\",\"position\":1,\"name\":\"Home\",\"item\":\"https:\\\/\\\/autopaint.ee\\\/ru\\\/\"},{\"@type\":\"ListItem\",\"position\":2,\"name\":\"\u041c\u0430\u0433\u0430\u0437\u0438\u043d\",\"item\":\"https:\\\/\\\/autopaint.ee\\\/ru\\\/pood\\\/\"},{\"@type\":\"ListItem\",\"position\":3,\"name\":\"DOLPHIN &#8211; Brushable finishing putty 440ml\"}]},{\"@type\":\"WebSite\",\"@id\":\"https:\\\/\\\/autopaint.ee\\\/#website\",\"url\":\"https:\\\/\\\/autopaint.ee\\\/\",\"name\":\"Autopaint\",\"description\":\"J&auml;rgmine WordPress veebileht\",\"publisher\":{\"@id\":\"https:\\\/\\\/autopaint.ee\\\/#organization\"},\"potentialAction\":[{\"@type\":\"SearchAction\",\"target\":{\"@type\":\"EntryPoint\",\"urlTemplate\":\"https:\\\/\\\/autopaint.ee\\\/?s={search_term_string}\"},\"query-input\":{\"@type\":\"PropertyValueSpecification\",\"valueRequired\":true,\"valueName\":\"search_term_string\"}}],\"inLanguage\":\"ru-RU\"},{\"@type\":\"Organization\",\"@id\":\"https:\\\/\\\/autopaint.ee\\\/#organization\",\"name\":\"Autopaint O\u00dc\",\"url\":\"https:\\\/\\\/autopaint.ee\\\/\",\"logo\":{\"@type\":\"ImageObject\",\"inLanguage\":\"ru-RU\",\"@id\":\"https:\\\/\\\/autopaint.ee\\\/#\\\/schema\\\/logo\\\/image\\\/\",\"url\":\"https:\\\/\\\/autopaint.ee\\\/wp-content\\\/uploads\\\/2023\\\/06\\\/cropped-logo.png\",\"contentUrl\":\"https:\\\/\\\/autopaint.ee\\\/wp-content\\\/uploads\\\/2023\\\/06\\\/cropped-logo.png\",\"width\":221,\"height\":114,\"caption\":\"Autopaint O\u00dc\"},\"image\":{\"@id\":\"https:\\\/\\\/autopaint.ee\\\/#\\\/schema\\\/logo\\\/image\\\/\"}}]}<\/script>\n<!-- \/ Yoast SEO plugin. -->","yoast_head_json":{"title":"DOLPHIN - Brushable finishing putty 440ml - Autopaint","description":"DOLFIIN\u2122 Dolphin Glaze on esmaklassiline, tehniliselt t\u00e4iustatud viimistlusglasuur, mis on loodud eemaldama auke ja pinna ebatasasusi enne v\u00e4rvimist. Selle isetasanduv koostis annab sileda \u00fclipeene viimistluse, mis n\u00f5uab minimaalset lihvimist. Pinhole vastupidav Suurep\u00e4rane nakkuvus Poolpainduv Aluspinnad: otse metallile, ettevalmistatud OEM-v\u00e4rvipinnad, alumiinium, tsingitud, SMC, klaaskiud, kergelt h\u00f5\u00f5rdunud E-kate, enamik plastikuid","robots":{"index":"index","follow":"follow","max-snippet":"max-snippet:-1","max-image-preview":"max-image-preview:large","max-video-preview":"max-video-preview:-1"},"canonical":"https:\/\/autopaint.ee\/toode\/dolphin-brushable-finishing-putty-440ml\/","og_locale":"ru_RU","og_type":"article","og_title":"DOLPHIN - Brushable finishing putty 440ml - Autopaint","og_description":"DOLFIIN\u2122 Dolphin Glaze on esmaklassiline, tehniliselt t\u00e4iustatud viimistlusglasuur, mis on loodud eemaldama auke ja pinna ebatasasusi enne v\u00e4rvimist. Selle isetasanduv koostis annab sileda \u00fclipeene viimistluse, mis n\u00f5uab minimaalset lihvimist. Pinhole vastupidav Suurep\u00e4rane nakkuvus Poolpainduv Aluspinnad: otse metallile, ettevalmistatud OEM-v\u00e4rvipinnad, alumiinium, tsingitud, SMC, klaaskiud, kergelt h\u00f5\u00f5rdunud E-kate, enamik plastikuid","og_url":"https:\/\/autopaint.ee\/toode\/dolphin-brushable-finishing-putty-440ml\/","og_site_name":"Autopaint","og_image":[{"width":1431,"height":2048,"url":"https:\/\/autopaint.ee\/wp-content\/uploads\/2023\/11\/BAGDOL-1_Dolphin-Glaze-400ml-scaled.png","type":"image\/png"}],"twitter_card":"summary_large_image","schema":{"@context":"https:\/\/schema.org","@graph":[{"@type":"WebPage","@id":"https:\/\/autopaint.ee\/toode\/dolphin-brushable-finishing-putty-440ml\/","url":"https:\/\/autopaint.ee\/toode\/dolphin-brushable-finishing-putty-440ml\/","name":"DOLPHIN - Brushable finishing putty 440ml - Autopaint","isPartOf":{"@id":"https:\/\/autopaint.ee\/#website"},"primaryImageOfPage":{"@id":"https:\/\/autopaint.ee\/toode\/dolphin-brushable-finishing-putty-440ml\/#primaryimage"},"image":{"@id":"https:\/\/autopaint.ee\/toode\/dolphin-brushable-finishing-putty-440ml\/#primaryimage"},"thumbnailUrl":"https:\/\/autopaint.ee\/wp-content\/uploads\/2023\/11\/BAGDOL-1_Dolphin-Glaze-400ml-scaled.png","datePublished":"2023-11-28T10:14:58+00:00","description":"DOLFIIN\u2122 Dolphin Glaze on esmaklassiline, tehniliselt t\u00e4iustatud viimistlusglasuur, mis on loodud eemaldama auke ja pinna ebatasasusi enne v\u00e4rvimist. Selle isetasanduv koostis annab sileda \u00fclipeene viimistluse, mis n\u00f5uab minimaalset lihvimist. Pinhole vastupidav Suurep\u00e4rane nakkuvus Poolpainduv Aluspinnad: otse metallile, ettevalmistatud OEM-v\u00e4rvipinnad, alumiinium, tsingitud, SMC, klaaskiud, kergelt h\u00f5\u00f5rdunud E-kate, enamik plastikuid","breadcrumb":{"@id":"https:\/\/autopaint.ee\/toode\/dolphin-brushable-finishing-putty-440ml\/#breadcrumb"},"inLanguage":"ru-RU","potentialAction":[{"@type":"ReadAction","target":["https:\/\/autopaint.ee\/toode\/dolphin-brushable-finishing-putty-440ml\/"]}]},{"@type":"ImageObject","inLanguage":"ru-RU","@id":"https:\/\/autopaint.ee\/toode\/dolphin-brushable-finishing-putty-440ml\/#primaryimage","url":"https:\/\/autopaint.ee\/wp-content\/uploads\/2023\/11\/BAGDOL-1_Dolphin-Glaze-400ml-scaled.png","contentUrl":"https:\/\/autopaint.ee\/wp-content\/uploads\/2023\/11\/BAGDOL-1_Dolphin-Glaze-400ml-scaled.png","width":1431,"height":2048,"caption":"BAGDOL 1 Dolphin Glaze 400ml"},{"@type":"BreadcrumbList","@id":"https:\/\/autopaint.ee\/toode\/dolphin-brushable-finishing-putty-440ml\/#breadcrumb","itemListElement":[{"@type":"ListItem","position":1,"name":"Home","item":"https:\/\/autopaint.ee\/ru\/"},{"@type":"ListItem","position":2,"name":"\u041c\u0430\u0433\u0430\u0437\u0438\u043d","item":"https:\/\/autopaint.ee\/ru\/pood\/"},{"@type":"ListItem","position":3,"name":"DOLPHIN &#8211; Brushable finishing putty 440ml"}]},{"@type":"WebSite","@id":"https:\/\/autopaint.ee\/#website","url":"https:\/\/autopaint.ee\/","name":"Autopaint","description":"J&auml;rgmine WordPress veebileht","publisher":{"@id":"https:\/\/autopaint.ee\/#organization"},"potentialAction":[{"@type":"SearchAction","target":{"@type":"EntryPoint","urlTemplate":"https:\/\/autopaint.ee\/?s={search_term_string}"},"query-input":{"@type":"PropertyValueSpecification","valueRequired":true,"valueName":"search_term_string"}}],"inLanguage":"ru-RU"},{"@type":"Organization","@id":"https:\/\/autopaint.ee\/#organization","name":"Autopaint O\u00dc","url":"https:\/\/autopaint.ee\/","logo":{"@type":"ImageObject","inLanguage":"ru-RU","@id":"https:\/\/autopaint.ee\/#\/schema\/logo\/image\/","url":"https:\/\/autopaint.ee\/wp-content\/uploads\/2023\/06\/cropped-logo.png","contentUrl":"https:\/\/autopaint.ee\/wp-content\/uploads\/2023\/06\/cropped-logo.png","width":221,"height":114,"caption":"Autopaint O\u00dc"},"image":{"@id":"https:\/\/autopaint.ee\/#\/schema\/logo\/image\/"}}]}},"_links":{"self":[{"href":"https:\/\/autopaint.ee\/ru\/wp-json\/wp\/v2\/product\/5184","targetHints":{"allow":["GET"]}}],"collection":[{"href":"https:\/\/autopaint.ee\/ru\/wp-json\/wp\/v2\/product"}],"about":[{"href":"https:\/\/autopaint.ee\/ru\/wp-json\/wp\/v2\/types\/product"}],"replies":[{"embeddable":true,"href":"https:\/\/autopaint.ee\/ru\/wp-json\/wp\/v2\/comments?post=5184"}],"version-history":[{"count":0,"href":"https:\/\/autopaint.ee\/ru\/wp-json\/wp\/v2\/product\/5184\/revisions"}],"wp:featuredmedia":[{"embeddable":true,"href":"https:\/\/autopaint.ee\/ru\/wp-json\/wp\/v2\/media\/5012"}],"wp:attachment":[{"href":"https:\/\/autopaint.ee\/ru\/wp-json\/wp\/v2\/media?parent=5184"}],"wp:term":[{"taxonomy":"product_brand","embeddable":true,"href":"https:\/\/autopaint.ee\/ru\/wp-json\/wp\/v2\/product_brand?post=5184"},{"taxonomy":"product_cat","embeddable":true,"href":"https:\/\/autopaint.ee\/ru\/wp-json\/wp\/v2\/product_cat?post=5184"},{"taxonomy":"product_tag","embeddable":true,"href":"https:\/\/autopaint.ee\/ru\/wp-json\/wp\/v2\/product_tag?post=5184"}],"curies":[{"name":"wp","href":"https:\/\/api.w.org\/{rel}","templated":true}]}}