{"id":5212,"date":"2023-11-28T10:14:53","date_gmt":"2023-11-28T10:14:53","guid":{"rendered":"https:\/\/autopaint.ee\/toode\/raptor-liner-white-4l-kit\/"},"modified":"2023-11-28T10:14:53","modified_gmt":"2023-11-28T10:14:53","slug":"raptor-liner-white-4l-kit","status":"publish","type":"product","link":"https:\/\/autopaint.ee\/ru\/toode\/raptor-liner-white-4l-kit\/","title":{"rendered":"RAPTOR LINER WHITE 4L KIT"},"content":{"rendered":"<p>RAPTOR\u00ae<br \/>\nRAPTOR 4-pudelikomplekt on erikatete standard. Igas komplektis on neli 0,71 l pudelit RAPTORi, 0,95 liitrine k\u00f5vendi purk ja m\u00f5\u00f5tetops.<\/p>\n<p>Standardne katvus on 4,2 m\u00b2 1 liitri RAPTORi kohta.<br \/>\nParimaid tulemusi on v\u00f5imalik saavutada nii tavaliste kui ka professionaalsete RAPTOR pihustusp\u00fcstolitega.<\/p>\n","protected":false},"excerpt":{"rendered":"<p>RAPTOR\u00ae RAPTOR 4-pudelikomplekt on erikatete standard. Igas komplektis on neli 0,71 l pudelit RAPTORi, 0,95 liitrine k\u00f5vendi purk ja m\u00f5\u00f5tetops. Standardne katvus on 4,2 m\u00b2 1<span class=\"excerpt-hellip\"> [\u2026]<\/span><\/p>\n","protected":false},"featured_media":4942,"comment_status":"closed","ping_status":"closed","template":"","meta":[],"product_brand":[],"product_cat":[246],"product_tag":[],"class_list":{"0":"post-5212","1":"product","2":"type-product","3":"status-publish","4":"has-post-thumbnail","6":"product_cat-raptor-ru","7":"pa_brand-u-pol-ru","9":"first","10":"instock","11":"taxable","12":"shipping-taxable","13":"purchasable","14":"product-type-simple"},"yoast_head":"<!-- This site is optimized with the Yoast SEO plugin v27.3 - https:\/\/yoast.com\/product\/yoast-seo-wordpress\/ -->\n<title>RAPTOR LINER WHITE 4L KIT - Autopaint<\/title>\n<meta name=\"description\" content=\"RAPTOR\u00ae RAPTOR 4-pudelikomplekt on erikatete standard. Igas komplektis on neli 0,71 l pudelit RAPTORi, 0,95 liitrine k\u00f5vendi purk ja m\u00f5\u00f5tetops. Standardne katvus on 4,2 m\u00b2 1 liitri RAPTORi kohta. Parimaid tulemusi on v\u00f5imalik saavutada nii tavaliste kui ka professionaalsete RAPTOR pihustusp\u00fcstolitega.\" \/>\n<meta name=\"robots\" content=\"index, follow, max-snippet:-1, max-image-preview:large, max-video-preview:-1\" \/>\n<link rel=\"canonical\" href=\"https:\/\/autopaint.ee\/toode\/raptor-liner-white-4l-kit\/\" \/>\n<meta property=\"og:locale\" content=\"ru_RU\" \/>\n<meta property=\"og:type\" content=\"article\" \/>\n<meta property=\"og:title\" content=\"RAPTOR LINER WHITE 4L KIT - Autopaint\" \/>\n<meta property=\"og:description\" content=\"RAPTOR\u00ae RAPTOR 4-pudelikomplekt on erikatete standard. Igas komplektis on neli 0,71 l pudelit RAPTORi, 0,95 liitrine k\u00f5vendi purk ja m\u00f5\u00f5tetops. Standardne katvus on 4,2 m\u00b2 1 liitri RAPTORi kohta. Parimaid tulemusi on v\u00f5imalik saavutada nii tavaliste kui ka professionaalsete RAPTOR pihustusp\u00fcstolitega.\" \/>\n<meta property=\"og:url\" content=\"https:\/\/autopaint.ee\/toode\/raptor-liner-white-4l-kit\/\" \/>\n<meta property=\"og:site_name\" content=\"Autopaint\" \/>\n<meta property=\"og:image\" content=\"https:\/\/autopaint.ee\/wp-content\/uploads\/2023\/11\/RLW-S4_RAPTOR-4-Bottle-Kit-Box-WHITE-IMG_9604.png\" \/>\n\t<meta property=\"og:image:width\" content=\"1080\" \/>\n\t<meta property=\"og:image:height\" content=\"702\" \/>\n\t<meta property=\"og:image:type\" content=\"image\/png\" \/>\n<meta name=\"twitter:card\" content=\"summary_large_image\" \/>\n<script type=\"application\/ld+json\" class=\"yoast-schema-graph\">{\"@context\":\"https:\\\/\\\/schema.org\",\"@graph\":[{\"@type\":\"WebPage\",\"@id\":\"https:\\\/\\\/autopaint.ee\\\/toode\\\/raptor-liner-white-4l-kit\\\/\",\"url\":\"https:\\\/\\\/autopaint.ee\\\/toode\\\/raptor-liner-white-4l-kit\\\/\",\"name\":\"RAPTOR LINER WHITE 4L KIT - Autopaint\",\"isPartOf\":{\"@id\":\"https:\\\/\\\/autopaint.ee\\\/#website\"},\"primaryImageOfPage\":{\"@id\":\"https:\\\/\\\/autopaint.ee\\\/toode\\\/raptor-liner-white-4l-kit\\\/#primaryimage\"},\"image\":{\"@id\":\"https:\\\/\\\/autopaint.ee\\\/toode\\\/raptor-liner-white-4l-kit\\\/#primaryimage\"},\"thumbnailUrl\":\"https:\\\/\\\/autopaint.ee\\\/wp-content\\\/uploads\\\/2023\\\/11\\\/RLW-S4_RAPTOR-4-Bottle-Kit-Box-WHITE-IMG_9604.png\",\"datePublished\":\"2023-11-28T10:14:53+00:00\",\"description\":\"RAPTOR\u00ae RAPTOR 4-pudelikomplekt on erikatete standard. Igas komplektis on neli 0,71 l pudelit RAPTORi, 0,95 liitrine k\u00f5vendi purk ja m\u00f5\u00f5tetops. Standardne katvus on 4,2 m\u00b2 1 liitri RAPTORi kohta. Parimaid tulemusi on v\u00f5imalik saavutada nii tavaliste kui ka professionaalsete RAPTOR pihustusp\u00fcstolitega.\",\"breadcrumb\":{\"@id\":\"https:\\\/\\\/autopaint.ee\\\/toode\\\/raptor-liner-white-4l-kit\\\/#breadcrumb\"},\"inLanguage\":\"ru-RU\",\"potentialAction\":[{\"@type\":\"ReadAction\",\"target\":[\"https:\\\/\\\/autopaint.ee\\\/toode\\\/raptor-liner-white-4l-kit\\\/\"]}]},{\"@type\":\"ImageObject\",\"inLanguage\":\"ru-RU\",\"@id\":\"https:\\\/\\\/autopaint.ee\\\/toode\\\/raptor-liner-white-4l-kit\\\/#primaryimage\",\"url\":\"https:\\\/\\\/autopaint.ee\\\/wp-content\\\/uploads\\\/2023\\\/11\\\/RLW-S4_RAPTOR-4-Bottle-Kit-Box-WHITE-IMG_9604.png\",\"contentUrl\":\"https:\\\/\\\/autopaint.ee\\\/wp-content\\\/uploads\\\/2023\\\/11\\\/RLW-S4_RAPTOR-4-Bottle-Kit-Box-WHITE-IMG_9604.png\",\"width\":1080,\"height\":702,\"caption\":\"RLW S4 RAPTOR 4 Bottle Kit Box WHITE (IMG 9604)\"},{\"@type\":\"BreadcrumbList\",\"@id\":\"https:\\\/\\\/autopaint.ee\\\/toode\\\/raptor-liner-white-4l-kit\\\/#breadcrumb\",\"itemListElement\":[{\"@type\":\"ListItem\",\"position\":1,\"name\":\"Home\",\"item\":\"https:\\\/\\\/autopaint.ee\\\/ru\\\/\"},{\"@type\":\"ListItem\",\"position\":2,\"name\":\"\u041c\u0430\u0433\u0430\u0437\u0438\u043d\",\"item\":\"https:\\\/\\\/autopaint.ee\\\/ru\\\/pood\\\/\"},{\"@type\":\"ListItem\",\"position\":3,\"name\":\"RAPTOR LINER WHITE 4L KIT\"}]},{\"@type\":\"WebSite\",\"@id\":\"https:\\\/\\\/autopaint.ee\\\/#website\",\"url\":\"https:\\\/\\\/autopaint.ee\\\/\",\"name\":\"Autopaint\",\"description\":\"J&auml;rgmine WordPress veebileht\",\"publisher\":{\"@id\":\"https:\\\/\\\/autopaint.ee\\\/#organization\"},\"potentialAction\":[{\"@type\":\"SearchAction\",\"target\":{\"@type\":\"EntryPoint\",\"urlTemplate\":\"https:\\\/\\\/autopaint.ee\\\/?s={search_term_string}\"},\"query-input\":{\"@type\":\"PropertyValueSpecification\",\"valueRequired\":true,\"valueName\":\"search_term_string\"}}],\"inLanguage\":\"ru-RU\"},{\"@type\":\"Organization\",\"@id\":\"https:\\\/\\\/autopaint.ee\\\/#organization\",\"name\":\"Autopaint O\u00dc\",\"url\":\"https:\\\/\\\/autopaint.ee\\\/\",\"logo\":{\"@type\":\"ImageObject\",\"inLanguage\":\"ru-RU\",\"@id\":\"https:\\\/\\\/autopaint.ee\\\/#\\\/schema\\\/logo\\\/image\\\/\",\"url\":\"https:\\\/\\\/autopaint.ee\\\/wp-content\\\/uploads\\\/2023\\\/06\\\/cropped-logo.png\",\"contentUrl\":\"https:\\\/\\\/autopaint.ee\\\/wp-content\\\/uploads\\\/2023\\\/06\\\/cropped-logo.png\",\"width\":221,\"height\":114,\"caption\":\"Autopaint O\u00dc\"},\"image\":{\"@id\":\"https:\\\/\\\/autopaint.ee\\\/#\\\/schema\\\/logo\\\/image\\\/\"}}]}<\/script>\n<!-- \/ Yoast SEO plugin. -->","yoast_head_json":{"title":"RAPTOR LINER WHITE 4L KIT - Autopaint","description":"RAPTOR\u00ae RAPTOR 4-pudelikomplekt on erikatete standard. Igas komplektis on neli 0,71 l pudelit RAPTORi, 0,95 liitrine k\u00f5vendi purk ja m\u00f5\u00f5tetops. Standardne katvus on 4,2 m\u00b2 1 liitri RAPTORi kohta. Parimaid tulemusi on v\u00f5imalik saavutada nii tavaliste kui ka professionaalsete RAPTOR pihustusp\u00fcstolitega.","robots":{"index":"index","follow":"follow","max-snippet":"max-snippet:-1","max-image-preview":"max-image-preview:large","max-video-preview":"max-video-preview:-1"},"canonical":"https:\/\/autopaint.ee\/toode\/raptor-liner-white-4l-kit\/","og_locale":"ru_RU","og_type":"article","og_title":"RAPTOR LINER WHITE 4L KIT - Autopaint","og_description":"RAPTOR\u00ae RAPTOR 4-pudelikomplekt on erikatete standard. Igas komplektis on neli 0,71 l pudelit RAPTORi, 0,95 liitrine k\u00f5vendi purk ja m\u00f5\u00f5tetops. Standardne katvus on 4,2 m\u00b2 1 liitri RAPTORi kohta. Parimaid tulemusi on v\u00f5imalik saavutada nii tavaliste kui ka professionaalsete RAPTOR pihustusp\u00fcstolitega.","og_url":"https:\/\/autopaint.ee\/toode\/raptor-liner-white-4l-kit\/","og_site_name":"Autopaint","og_image":[{"width":1080,"height":702,"url":"https:\/\/autopaint.ee\/wp-content\/uploads\/2023\/11\/RLW-S4_RAPTOR-4-Bottle-Kit-Box-WHITE-IMG_9604.png","type":"image\/png"}],"twitter_card":"summary_large_image","schema":{"@context":"https:\/\/schema.org","@graph":[{"@type":"WebPage","@id":"https:\/\/autopaint.ee\/toode\/raptor-liner-white-4l-kit\/","url":"https:\/\/autopaint.ee\/toode\/raptor-liner-white-4l-kit\/","name":"RAPTOR LINER WHITE 4L KIT - Autopaint","isPartOf":{"@id":"https:\/\/autopaint.ee\/#website"},"primaryImageOfPage":{"@id":"https:\/\/autopaint.ee\/toode\/raptor-liner-white-4l-kit\/#primaryimage"},"image":{"@id":"https:\/\/autopaint.ee\/toode\/raptor-liner-white-4l-kit\/#primaryimage"},"thumbnailUrl":"https:\/\/autopaint.ee\/wp-content\/uploads\/2023\/11\/RLW-S4_RAPTOR-4-Bottle-Kit-Box-WHITE-IMG_9604.png","datePublished":"2023-11-28T10:14:53+00:00","description":"RAPTOR\u00ae RAPTOR 4-pudelikomplekt on erikatete standard. Igas komplektis on neli 0,71 l pudelit RAPTORi, 0,95 liitrine k\u00f5vendi purk ja m\u00f5\u00f5tetops. Standardne katvus on 4,2 m\u00b2 1 liitri RAPTORi kohta. Parimaid tulemusi on v\u00f5imalik saavutada nii tavaliste kui ka professionaalsete RAPTOR pihustusp\u00fcstolitega.","breadcrumb":{"@id":"https:\/\/autopaint.ee\/toode\/raptor-liner-white-4l-kit\/#breadcrumb"},"inLanguage":"ru-RU","potentialAction":[{"@type":"ReadAction","target":["https:\/\/autopaint.ee\/toode\/raptor-liner-white-4l-kit\/"]}]},{"@type":"ImageObject","inLanguage":"ru-RU","@id":"https:\/\/autopaint.ee\/toode\/raptor-liner-white-4l-kit\/#primaryimage","url":"https:\/\/autopaint.ee\/wp-content\/uploads\/2023\/11\/RLW-S4_RAPTOR-4-Bottle-Kit-Box-WHITE-IMG_9604.png","contentUrl":"https:\/\/autopaint.ee\/wp-content\/uploads\/2023\/11\/RLW-S4_RAPTOR-4-Bottle-Kit-Box-WHITE-IMG_9604.png","width":1080,"height":702,"caption":"RLW S4 RAPTOR 4 Bottle Kit Box WHITE (IMG 9604)"},{"@type":"BreadcrumbList","@id":"https:\/\/autopaint.ee\/toode\/raptor-liner-white-4l-kit\/#breadcrumb","itemListElement":[{"@type":"ListItem","position":1,"name":"Home","item":"https:\/\/autopaint.ee\/ru\/"},{"@type":"ListItem","position":2,"name":"\u041c\u0430\u0433\u0430\u0437\u0438\u043d","item":"https:\/\/autopaint.ee\/ru\/pood\/"},{"@type":"ListItem","position":3,"name":"RAPTOR LINER WHITE 4L KIT"}]},{"@type":"WebSite","@id":"https:\/\/autopaint.ee\/#website","url":"https:\/\/autopaint.ee\/","name":"Autopaint","description":"J&auml;rgmine WordPress veebileht","publisher":{"@id":"https:\/\/autopaint.ee\/#organization"},"potentialAction":[{"@type":"SearchAction","target":{"@type":"EntryPoint","urlTemplate":"https:\/\/autopaint.ee\/?s={search_term_string}"},"query-input":{"@type":"PropertyValueSpecification","valueRequired":true,"valueName":"search_term_string"}}],"inLanguage":"ru-RU"},{"@type":"Organization","@id":"https:\/\/autopaint.ee\/#organization","name":"Autopaint O\u00dc","url":"https:\/\/autopaint.ee\/","logo":{"@type":"ImageObject","inLanguage":"ru-RU","@id":"https:\/\/autopaint.ee\/#\/schema\/logo\/image\/","url":"https:\/\/autopaint.ee\/wp-content\/uploads\/2023\/06\/cropped-logo.png","contentUrl":"https:\/\/autopaint.ee\/wp-content\/uploads\/2023\/06\/cropped-logo.png","width":221,"height":114,"caption":"Autopaint O\u00dc"},"image":{"@id":"https:\/\/autopaint.ee\/#\/schema\/logo\/image\/"}}]}},"_links":{"self":[{"href":"https:\/\/autopaint.ee\/ru\/wp-json\/wp\/v2\/product\/5212","targetHints":{"allow":["GET"]}}],"collection":[{"href":"https:\/\/autopaint.ee\/ru\/wp-json\/wp\/v2\/product"}],"about":[{"href":"https:\/\/autopaint.ee\/ru\/wp-json\/wp\/v2\/types\/product"}],"replies":[{"embeddable":true,"href":"https:\/\/autopaint.ee\/ru\/wp-json\/wp\/v2\/comments?post=5212"}],"version-history":[{"count":0,"href":"https:\/\/autopaint.ee\/ru\/wp-json\/wp\/v2\/product\/5212\/revisions"}],"wp:featuredmedia":[{"embeddable":true,"href":"https:\/\/autopaint.ee\/ru\/wp-json\/wp\/v2\/media\/4942"}],"wp:attachment":[{"href":"https:\/\/autopaint.ee\/ru\/wp-json\/wp\/v2\/media?parent=5212"}],"wp:term":[{"taxonomy":"product_brand","embeddable":true,"href":"https:\/\/autopaint.ee\/ru\/wp-json\/wp\/v2\/product_brand?post=5212"},{"taxonomy":"product_cat","embeddable":true,"href":"https:\/\/autopaint.ee\/ru\/wp-json\/wp\/v2\/product_cat?post=5212"},{"taxonomy":"product_tag","embeddable":true,"href":"https:\/\/autopaint.ee\/ru\/wp-json\/wp\/v2\/product_tag?post=5212"}],"curies":[{"name":"wp","href":"https:\/\/api.w.org\/{rel}","templated":true}]}}