{"id":5217,"date":"2023-11-28T10:14:52","date_gmt":"2023-11-28T10:14:52","guid":{"rendered":"https:\/\/autopaint.ee\/toode\/gravitex-hs-stone-chip-protector-white-1l-bottle\/"},"modified":"2023-11-28T10:14:52","modified_gmt":"2023-11-28T10:14:52","slug":"gravitex-hs-stone-chip-protector-white-1l-bottle","status":"publish","type":"product","link":"https:\/\/autopaint.ee\/ru\/toode\/gravitex-hs-stone-chip-protector-white-1l-bottle\/","title":{"rendered":"GRAVITEX &#8212; HS stone chip protector White 1L bottle"},"content":{"rendered":"<p>Kruusavastane kate, mis kordab algset kruusavastast katet, mis kaitseb killustumise ja korrosiooni eest. Moodustab sileda, peene v\u00f5i j\u00e4medateralise pinna.<\/p>\n<p>\u00dchekomponentne kasutusvalmis kate<br \/>\nAlk\u00fc\u00fcdvaigu valem suurendab oluliselt tugevust ja v\u00e4hendab kuivamisaega<br \/>\nSaab kasutada koos kruusat\u00f5rjep\u00fcstoli v\u00f5i tavalise v\u00e4rvip\u00fcstoliga, et saavutada \u00fchtlasem viimistlus<\/p>\n","protected":false},"excerpt":{"rendered":"<p>Kruusavastane kate, mis kordab algset kruusavastast katet, mis kaitseb killustumise ja korrosiooni eest. Moodustab sileda, peene v\u00f5i j\u00e4medateralise pinna. \u00dchekomponentne kasutusvalmis kate Alk\u00fc\u00fcdvaigu valem suurendab oluliselt<span class=\"excerpt-hellip\"> [\u2026]<\/span><\/p>\n","protected":false},"featured_media":4930,"comment_status":"closed","ping_status":"closed","template":"","meta":[],"product_brand":[],"product_cat":[247],"product_tag":[],"class_list":{"0":"post-5217","1":"product","2":"type-product","3":"status-publish","4":"has-post-thumbnail","6":"product_cat-kivikaitse-ru","7":"pa_brand-u-pol-ru","9":"first","10":"instock","11":"taxable","12":"shipping-taxable","13":"purchasable","14":"product-type-simple"},"yoast_head":"<!-- This site is optimized with the Yoast SEO plugin v27.6 - https:\/\/yoast.com\/product\/yoast-seo-wordpress\/ -->\n<title>GRAVITEX - HS stone chip protector White 1L bottle - Autopaint<\/title>\n<meta name=\"description\" content=\"Kruusavastane kate, mis kordab algset kruusavastast katet, mis kaitseb killustumise ja korrosiooni eest. Moodustab sileda, peene v\u00f5i j\u00e4medateralise pinna. \u00dchekomponentne kasutusvalmis kate Alk\u00fc\u00fcdvaigu valem suurendab oluliselt tugevust ja v\u00e4hendab kuivamisaega Saab kasutada koos kruusat\u00f5rjep\u00fcstoli v\u00f5i tavalise v\u00e4rvip\u00fcstoliga, et saavutada \u00fchtlasem viimistlus\" \/>\n<meta name=\"robots\" content=\"index, follow, max-snippet:-1, max-image-preview:large, max-video-preview:-1\" \/>\n<link rel=\"canonical\" href=\"https:\/\/autopaint.ee\/toode\/gravitex-hs-stone-chip-protector-white-1l-bottle\/\" \/>\n<meta property=\"og:locale\" content=\"ru_RU\" \/>\n<meta property=\"og:type\" content=\"article\" \/>\n<meta property=\"og:title\" content=\"GRAVITEX - HS stone chip protector White 1L bottle - Autopaint\" \/>\n<meta property=\"og:description\" content=\"Kruusavastane kate, mis kordab algset kruusavastast katet, mis kaitseb killustumise ja korrosiooni eest. Moodustab sileda, peene v\u00f5i j\u00e4medateralise pinna. \u00dchekomponentne kasutusvalmis kate Alk\u00fc\u00fcdvaigu valem suurendab oluliselt tugevust ja v\u00e4hendab kuivamisaega Saab kasutada koos kruusat\u00f5rjep\u00fcstoli v\u00f5i tavalise v\u00e4rvip\u00fcstoliga, et saavutada \u00fchtlasem viimistlus\" \/>\n<meta property=\"og:url\" content=\"https:\/\/autopaint.ee\/toode\/gravitex-hs-stone-chip-protector-white-1l-bottle\/\" \/>\n<meta property=\"og:site_name\" content=\"Autopaint\" \/>\n<meta property=\"og:image\" content=\"https:\/\/autopaint.ee\/wp-content\/uploads\/2023\/11\/GRA-BW1-GRAVITEX-Graviplus-WHITE-1L-scaled.png\" \/>\n\t<meta property=\"og:image:width\" content=\"883\" \/>\n\t<meta property=\"og:image:height\" content=\"2048\" \/>\n\t<meta property=\"og:image:type\" content=\"image\/png\" \/>\n<meta name=\"twitter:card\" content=\"summary_large_image\" \/>\n<script type=\"application\/ld+json\" class=\"yoast-schema-graph\">{\"@context\":\"https:\\\/\\\/schema.org\",\"@graph\":[{\"@type\":\"WebPage\",\"@id\":\"https:\\\/\\\/autopaint.ee\\\/toode\\\/gravitex-hs-stone-chip-protector-white-1l-bottle\\\/\",\"url\":\"https:\\\/\\\/autopaint.ee\\\/toode\\\/gravitex-hs-stone-chip-protector-white-1l-bottle\\\/\",\"name\":\"GRAVITEX - HS stone chip protector White 1L bottle - Autopaint\",\"isPartOf\":{\"@id\":\"https:\\\/\\\/autopaint.ee\\\/#website\"},\"primaryImageOfPage\":{\"@id\":\"https:\\\/\\\/autopaint.ee\\\/toode\\\/gravitex-hs-stone-chip-protector-white-1l-bottle\\\/#primaryimage\"},\"image\":{\"@id\":\"https:\\\/\\\/autopaint.ee\\\/toode\\\/gravitex-hs-stone-chip-protector-white-1l-bottle\\\/#primaryimage\"},\"thumbnailUrl\":\"https:\\\/\\\/autopaint.ee\\\/wp-content\\\/uploads\\\/2023\\\/11\\\/GRA-BW1-GRAVITEX-Graviplus-WHITE-1L-scaled.png\",\"datePublished\":\"2023-11-28T10:14:52+00:00\",\"description\":\"Kruusavastane kate, mis kordab algset kruusavastast katet, mis kaitseb killustumise ja korrosiooni eest. Moodustab sileda, peene v\u00f5i j\u00e4medateralise pinna. \u00dchekomponentne kasutusvalmis kate Alk\u00fc\u00fcdvaigu valem suurendab oluliselt tugevust ja v\u00e4hendab kuivamisaega Saab kasutada koos kruusat\u00f5rjep\u00fcstoli v\u00f5i tavalise v\u00e4rvip\u00fcstoliga, et saavutada \u00fchtlasem viimistlus\",\"breadcrumb\":{\"@id\":\"https:\\\/\\\/autopaint.ee\\\/toode\\\/gravitex-hs-stone-chip-protector-white-1l-bottle\\\/#breadcrumb\"},\"inLanguage\":\"ru-RU\",\"potentialAction\":[{\"@type\":\"ReadAction\",\"target\":[\"https:\\\/\\\/autopaint.ee\\\/toode\\\/gravitex-hs-stone-chip-protector-white-1l-bottle\\\/\"]}]},{\"@type\":\"ImageObject\",\"inLanguage\":\"ru-RU\",\"@id\":\"https:\\\/\\\/autopaint.ee\\\/toode\\\/gravitex-hs-stone-chip-protector-white-1l-bottle\\\/#primaryimage\",\"url\":\"https:\\\/\\\/autopaint.ee\\\/wp-content\\\/uploads\\\/2023\\\/11\\\/GRA-BW1-GRAVITEX-Graviplus-WHITE-1L-scaled.png\",\"contentUrl\":\"https:\\\/\\\/autopaint.ee\\\/wp-content\\\/uploads\\\/2023\\\/11\\\/GRA-BW1-GRAVITEX-Graviplus-WHITE-1L-scaled.png\",\"width\":883,\"height\":2048,\"caption\":\"GRA BW1 GRAVITEX Graviplus WHITE 1L\"},{\"@type\":\"BreadcrumbList\",\"@id\":\"https:\\\/\\\/autopaint.ee\\\/toode\\\/gravitex-hs-stone-chip-protector-white-1l-bottle\\\/#breadcrumb\",\"itemListElement\":[{\"@type\":\"ListItem\",\"position\":1,\"name\":\"Home\",\"item\":\"https:\\\/\\\/autopaint.ee\\\/ru\\\/\"},{\"@type\":\"ListItem\",\"position\":2,\"name\":\"\u041c\u0430\u0433\u0430\u0437\u0438\u043d\",\"item\":\"https:\\\/\\\/autopaint.ee\\\/ru\\\/pood\\\/\"},{\"@type\":\"ListItem\",\"position\":3,\"name\":\"GRAVITEX &#8211; HS stone chip protector White 1L bottle\"}]},{\"@type\":\"WebSite\",\"@id\":\"https:\\\/\\\/autopaint.ee\\\/#website\",\"url\":\"https:\\\/\\\/autopaint.ee\\\/\",\"name\":\"Autopaint\",\"description\":\"J&auml;rgmine WordPress veebileht\",\"publisher\":{\"@id\":\"https:\\\/\\\/autopaint.ee\\\/#organization\"},\"potentialAction\":[{\"@type\":\"SearchAction\",\"target\":{\"@type\":\"EntryPoint\",\"urlTemplate\":\"https:\\\/\\\/autopaint.ee\\\/?s={search_term_string}\"},\"query-input\":{\"@type\":\"PropertyValueSpecification\",\"valueRequired\":true,\"valueName\":\"search_term_string\"}}],\"inLanguage\":\"ru-RU\"},{\"@type\":\"Organization\",\"@id\":\"https:\\\/\\\/autopaint.ee\\\/#organization\",\"name\":\"Autopaint O\u00dc\",\"url\":\"https:\\\/\\\/autopaint.ee\\\/\",\"logo\":{\"@type\":\"ImageObject\",\"inLanguage\":\"ru-RU\",\"@id\":\"https:\\\/\\\/autopaint.ee\\\/#\\\/schema\\\/logo\\\/image\\\/\",\"url\":\"https:\\\/\\\/autopaint.ee\\\/wp-content\\\/uploads\\\/2023\\\/06\\\/cropped-logo.png\",\"contentUrl\":\"https:\\\/\\\/autopaint.ee\\\/wp-content\\\/uploads\\\/2023\\\/06\\\/cropped-logo.png\",\"width\":221,\"height\":114,\"caption\":\"Autopaint O\u00dc\"},\"image\":{\"@id\":\"https:\\\/\\\/autopaint.ee\\\/#\\\/schema\\\/logo\\\/image\\\/\"}}]}<\/script>\n<!-- \/ Yoast SEO plugin. -->","yoast_head_json":{"title":"GRAVITEX - HS stone chip protector White 1L bottle - Autopaint","description":"Kruusavastane kate, mis kordab algset kruusavastast katet, mis kaitseb killustumise ja korrosiooni eest. Moodustab sileda, peene v\u00f5i j\u00e4medateralise pinna. \u00dchekomponentne kasutusvalmis kate Alk\u00fc\u00fcdvaigu valem suurendab oluliselt tugevust ja v\u00e4hendab kuivamisaega Saab kasutada koos kruusat\u00f5rjep\u00fcstoli v\u00f5i tavalise v\u00e4rvip\u00fcstoliga, et saavutada \u00fchtlasem viimistlus","robots":{"index":"index","follow":"follow","max-snippet":"max-snippet:-1","max-image-preview":"max-image-preview:large","max-video-preview":"max-video-preview:-1"},"canonical":"https:\/\/autopaint.ee\/toode\/gravitex-hs-stone-chip-protector-white-1l-bottle\/","og_locale":"ru_RU","og_type":"article","og_title":"GRAVITEX - HS stone chip protector White 1L bottle - Autopaint","og_description":"Kruusavastane kate, mis kordab algset kruusavastast katet, mis kaitseb killustumise ja korrosiooni eest. Moodustab sileda, peene v\u00f5i j\u00e4medateralise pinna. \u00dchekomponentne kasutusvalmis kate Alk\u00fc\u00fcdvaigu valem suurendab oluliselt tugevust ja v\u00e4hendab kuivamisaega Saab kasutada koos kruusat\u00f5rjep\u00fcstoli v\u00f5i tavalise v\u00e4rvip\u00fcstoliga, et saavutada \u00fchtlasem viimistlus","og_url":"https:\/\/autopaint.ee\/toode\/gravitex-hs-stone-chip-protector-white-1l-bottle\/","og_site_name":"Autopaint","og_image":[{"width":883,"height":2048,"url":"https:\/\/autopaint.ee\/wp-content\/uploads\/2023\/11\/GRA-BW1-GRAVITEX-Graviplus-WHITE-1L-scaled.png","type":"image\/png"}],"twitter_card":"summary_large_image","schema":{"@context":"https:\/\/schema.org","@graph":[{"@type":"WebPage","@id":"https:\/\/autopaint.ee\/toode\/gravitex-hs-stone-chip-protector-white-1l-bottle\/","url":"https:\/\/autopaint.ee\/toode\/gravitex-hs-stone-chip-protector-white-1l-bottle\/","name":"GRAVITEX - HS stone chip protector White 1L bottle - Autopaint","isPartOf":{"@id":"https:\/\/autopaint.ee\/#website"},"primaryImageOfPage":{"@id":"https:\/\/autopaint.ee\/toode\/gravitex-hs-stone-chip-protector-white-1l-bottle\/#primaryimage"},"image":{"@id":"https:\/\/autopaint.ee\/toode\/gravitex-hs-stone-chip-protector-white-1l-bottle\/#primaryimage"},"thumbnailUrl":"https:\/\/autopaint.ee\/wp-content\/uploads\/2023\/11\/GRA-BW1-GRAVITEX-Graviplus-WHITE-1L-scaled.png","datePublished":"2023-11-28T10:14:52+00:00","description":"Kruusavastane kate, mis kordab algset kruusavastast katet, mis kaitseb killustumise ja korrosiooni eest. Moodustab sileda, peene v\u00f5i j\u00e4medateralise pinna. \u00dchekomponentne kasutusvalmis kate Alk\u00fc\u00fcdvaigu valem suurendab oluliselt tugevust ja v\u00e4hendab kuivamisaega Saab kasutada koos kruusat\u00f5rjep\u00fcstoli v\u00f5i tavalise v\u00e4rvip\u00fcstoliga, et saavutada \u00fchtlasem viimistlus","breadcrumb":{"@id":"https:\/\/autopaint.ee\/toode\/gravitex-hs-stone-chip-protector-white-1l-bottle\/#breadcrumb"},"inLanguage":"ru-RU","potentialAction":[{"@type":"ReadAction","target":["https:\/\/autopaint.ee\/toode\/gravitex-hs-stone-chip-protector-white-1l-bottle\/"]}]},{"@type":"ImageObject","inLanguage":"ru-RU","@id":"https:\/\/autopaint.ee\/toode\/gravitex-hs-stone-chip-protector-white-1l-bottle\/#primaryimage","url":"https:\/\/autopaint.ee\/wp-content\/uploads\/2023\/11\/GRA-BW1-GRAVITEX-Graviplus-WHITE-1L-scaled.png","contentUrl":"https:\/\/autopaint.ee\/wp-content\/uploads\/2023\/11\/GRA-BW1-GRAVITEX-Graviplus-WHITE-1L-scaled.png","width":883,"height":2048,"caption":"GRA BW1 GRAVITEX Graviplus WHITE 1L"},{"@type":"BreadcrumbList","@id":"https:\/\/autopaint.ee\/toode\/gravitex-hs-stone-chip-protector-white-1l-bottle\/#breadcrumb","itemListElement":[{"@type":"ListItem","position":1,"name":"Home","item":"https:\/\/autopaint.ee\/ru\/"},{"@type":"ListItem","position":2,"name":"\u041c\u0430\u0433\u0430\u0437\u0438\u043d","item":"https:\/\/autopaint.ee\/ru\/pood\/"},{"@type":"ListItem","position":3,"name":"GRAVITEX &#8211; HS stone chip protector White 1L bottle"}]},{"@type":"WebSite","@id":"https:\/\/autopaint.ee\/#website","url":"https:\/\/autopaint.ee\/","name":"Autopaint","description":"J&auml;rgmine WordPress veebileht","publisher":{"@id":"https:\/\/autopaint.ee\/#organization"},"potentialAction":[{"@type":"SearchAction","target":{"@type":"EntryPoint","urlTemplate":"https:\/\/autopaint.ee\/?s={search_term_string}"},"query-input":{"@type":"PropertyValueSpecification","valueRequired":true,"valueName":"search_term_string"}}],"inLanguage":"ru-RU"},{"@type":"Organization","@id":"https:\/\/autopaint.ee\/#organization","name":"Autopaint O\u00dc","url":"https:\/\/autopaint.ee\/","logo":{"@type":"ImageObject","inLanguage":"ru-RU","@id":"https:\/\/autopaint.ee\/#\/schema\/logo\/image\/","url":"https:\/\/autopaint.ee\/wp-content\/uploads\/2023\/06\/cropped-logo.png","contentUrl":"https:\/\/autopaint.ee\/wp-content\/uploads\/2023\/06\/cropped-logo.png","width":221,"height":114,"caption":"Autopaint O\u00dc"},"image":{"@id":"https:\/\/autopaint.ee\/#\/schema\/logo\/image\/"}}]}},"_links":{"self":[{"href":"https:\/\/autopaint.ee\/ru\/wp-json\/wp\/v2\/product\/5217","targetHints":{"allow":["GET"]}}],"collection":[{"href":"https:\/\/autopaint.ee\/ru\/wp-json\/wp\/v2\/product"}],"about":[{"href":"https:\/\/autopaint.ee\/ru\/wp-json\/wp\/v2\/types\/product"}],"replies":[{"embeddable":true,"href":"https:\/\/autopaint.ee\/ru\/wp-json\/wp\/v2\/comments?post=5217"}],"version-history":[{"count":0,"href":"https:\/\/autopaint.ee\/ru\/wp-json\/wp\/v2\/product\/5217\/revisions"}],"wp:featuredmedia":[{"embeddable":true,"href":"https:\/\/autopaint.ee\/ru\/wp-json\/wp\/v2\/media\/4930"}],"wp:attachment":[{"href":"https:\/\/autopaint.ee\/ru\/wp-json\/wp\/v2\/media?parent=5217"}],"wp:term":[{"taxonomy":"product_brand","embeddable":true,"href":"https:\/\/autopaint.ee\/ru\/wp-json\/wp\/v2\/product_brand?post=5217"},{"taxonomy":"product_cat","embeddable":true,"href":"https:\/\/autopaint.ee\/ru\/wp-json\/wp\/v2\/product_cat?post=5217"},{"taxonomy":"product_tag","embeddable":true,"href":"https:\/\/autopaint.ee\/ru\/wp-json\/wp\/v2\/product_tag?post=5217"}],"curies":[{"name":"wp","href":"https:\/\/api.w.org\/{rel}","templated":true}]}}