{"id":5234,"date":"2023-11-28T10:14:47","date_gmt":"2023-11-28T10:14:47","guid":{"rendered":"https:\/\/autopaint.ee\/toode\/trim11-high-build-top-coat-satin-black\/"},"modified":"2023-11-28T10:14:47","modified_gmt":"2023-11-28T10:14:47","slug":"trim11-high-build-top-coat-satin-black","status":"publish","type":"product","link":"https:\/\/autopaint.ee\/ru\/toode\/trim11-high-build-top-coat-satin-black\/","title":{"rendered":"TRIM#11 High build top coat satin black"},"content":{"rendered":"<p>kate, mis taastab viimistluse ja akende, uste, k\u00e4epidemete, v\u00e4lispeeglite, kaitseraudade ja rataste \u00fcmbruse nende esialgse v\u00e4limuse<br \/>\nSobib kasutamiseks olemasoleva v\u00e4rvkatte peal<br \/>\nKuivab kiiresti<br \/>\nK\u00f5rge peitev\u00f5ime<\/p>\n","protected":false},"excerpt":{"rendered":"<p>kate, mis taastab viimistluse ja akende, uste, k\u00e4epidemete, v\u00e4lispeeglite, kaitseraudade ja rataste \u00fcmbruse nende esialgse v\u00e4limuse Sobib kasutamiseks olemasoleva v\u00e4rvkatte peal Kuivab kiiresti K\u00f5rge peitev\u00f5ime<\/p>\n","protected":false},"featured_media":4966,"comment_status":"closed","ping_status":"closed","template":"","meta":[],"product_brand":[],"product_cat":[],"product_tag":[],"class_list":{"0":"post-5234","1":"product","2":"type-product","3":"status-publish","4":"has-post-thumbnail","7":"first","8":"onbackorder","9":"taxable","10":"shipping-taxable","11":"purchasable","12":"product-type-simple"},"yoast_head":"<!-- This site is optimized with the Yoast SEO plugin v27.3 - https:\/\/yoast.com\/product\/yoast-seo-wordpress\/ -->\n<title>TRIM#11 High build top coat satin black - Autopaint<\/title>\n<meta name=\"description\" content=\"kate, mis taastab viimistluse ja akende, uste, k\u00e4epidemete, v\u00e4lispeeglite, kaitseraudade ja rataste \u00fcmbruse nende esialgse v\u00e4limuse Sobib kasutamiseks olemasoleva v\u00e4rvkatte peal Kuivab kiiresti K\u00f5rge peitev\u00f5ime\" \/>\n<meta name=\"robots\" content=\"index, follow, max-snippet:-1, max-image-preview:large, max-video-preview:-1\" \/>\n<link rel=\"canonical\" href=\"https:\/\/autopaint.ee\/toode\/trim11-high-build-top-coat-satin-black\/\" \/>\n<meta property=\"og:locale\" content=\"ru_RU\" \/>\n<meta property=\"og:type\" content=\"article\" \/>\n<meta property=\"og:title\" content=\"TRIM#11 High build top coat satin black - Autopaint\" \/>\n<meta property=\"og:description\" content=\"kate, mis taastab viimistluse ja akende, uste, k\u00e4epidemete, v\u00e4lispeeglite, kaitseraudade ja rataste \u00fcmbruse nende esialgse v\u00e4limuse Sobib kasutamiseks olemasoleva v\u00e4rvkatte peal Kuivab kiiresti K\u00f5rge peitev\u00f5ime\" \/>\n<meta property=\"og:url\" content=\"https:\/\/autopaint.ee\/toode\/trim11-high-build-top-coat-satin-black\/\" \/>\n<meta property=\"og:site_name\" content=\"Autopaint\" \/>\n<meta property=\"og:image\" content=\"https:\/\/autopaint.ee\/wp-content\/uploads\/2023\/11\/TRIMSB-AL-Trim-11-Satin-Black-Universal-Aerosol.png\" \/>\n\t<meta property=\"og:image:width\" content=\"850\" \/>\n\t<meta property=\"og:image:height\" content=\"1433\" \/>\n\t<meta property=\"og:image:type\" content=\"image\/png\" \/>\n<meta name=\"twitter:card\" content=\"summary_large_image\" \/>\n<script type=\"application\/ld+json\" class=\"yoast-schema-graph\">{\"@context\":\"https:\\\/\\\/schema.org\",\"@graph\":[{\"@type\":\"WebPage\",\"@id\":\"https:\\\/\\\/autopaint.ee\\\/toode\\\/trim11-high-build-top-coat-satin-black\\\/\",\"url\":\"https:\\\/\\\/autopaint.ee\\\/toode\\\/trim11-high-build-top-coat-satin-black\\\/\",\"name\":\"TRIM#11 High build top coat satin black - Autopaint\",\"isPartOf\":{\"@id\":\"https:\\\/\\\/autopaint.ee\\\/#website\"},\"primaryImageOfPage\":{\"@id\":\"https:\\\/\\\/autopaint.ee\\\/toode\\\/trim11-high-build-top-coat-satin-black\\\/#primaryimage\"},\"image\":{\"@id\":\"https:\\\/\\\/autopaint.ee\\\/toode\\\/trim11-high-build-top-coat-satin-black\\\/#primaryimage\"},\"thumbnailUrl\":\"https:\\\/\\\/autopaint.ee\\\/wp-content\\\/uploads\\\/2023\\\/11\\\/TRIMSB-AL-Trim-11-Satin-Black-Universal-Aerosol.png\",\"datePublished\":\"2023-11-28T10:14:47+00:00\",\"description\":\"kate, mis taastab viimistluse ja akende, uste, k\u00e4epidemete, v\u00e4lispeeglite, kaitseraudade ja rataste \u00fcmbruse nende esialgse v\u00e4limuse Sobib kasutamiseks olemasoleva v\u00e4rvkatte peal Kuivab kiiresti K\u00f5rge peitev\u00f5ime\",\"breadcrumb\":{\"@id\":\"https:\\\/\\\/autopaint.ee\\\/toode\\\/trim11-high-build-top-coat-satin-black\\\/#breadcrumb\"},\"inLanguage\":\"ru-RU\",\"potentialAction\":[{\"@type\":\"ReadAction\",\"target\":[\"https:\\\/\\\/autopaint.ee\\\/toode\\\/trim11-high-build-top-coat-satin-black\\\/\"]}]},{\"@type\":\"ImageObject\",\"inLanguage\":\"ru-RU\",\"@id\":\"https:\\\/\\\/autopaint.ee\\\/toode\\\/trim11-high-build-top-coat-satin-black\\\/#primaryimage\",\"url\":\"https:\\\/\\\/autopaint.ee\\\/wp-content\\\/uploads\\\/2023\\\/11\\\/TRIMSB-AL-Trim-11-Satin-Black-Universal-Aerosol.png\",\"contentUrl\":\"https:\\\/\\\/autopaint.ee\\\/wp-content\\\/uploads\\\/2023\\\/11\\\/TRIMSB-AL-Trim-11-Satin-Black-Universal-Aerosol.png\",\"width\":850,\"height\":1433,\"caption\":\"TRIMSB AL Trim 11 (Satin Black) Universal Aerosol\"},{\"@type\":\"BreadcrumbList\",\"@id\":\"https:\\\/\\\/autopaint.ee\\\/toode\\\/trim11-high-build-top-coat-satin-black\\\/#breadcrumb\",\"itemListElement\":[{\"@type\":\"ListItem\",\"position\":1,\"name\":\"Home\",\"item\":\"https:\\\/\\\/autopaint.ee\\\/ru\\\/\"},{\"@type\":\"ListItem\",\"position\":2,\"name\":\"\u041c\u0430\u0433\u0430\u0437\u0438\u043d\",\"item\":\"https:\\\/\\\/autopaint.ee\\\/ru\\\/pood\\\/\"},{\"@type\":\"ListItem\",\"position\":3,\"name\":\"TRIM#11 High build top coat satin black\"}]},{\"@type\":\"WebSite\",\"@id\":\"https:\\\/\\\/autopaint.ee\\\/#website\",\"url\":\"https:\\\/\\\/autopaint.ee\\\/\",\"name\":\"Autopaint\",\"description\":\"J&auml;rgmine WordPress veebileht\",\"publisher\":{\"@id\":\"https:\\\/\\\/autopaint.ee\\\/#organization\"},\"potentialAction\":[{\"@type\":\"SearchAction\",\"target\":{\"@type\":\"EntryPoint\",\"urlTemplate\":\"https:\\\/\\\/autopaint.ee\\\/?s={search_term_string}\"},\"query-input\":{\"@type\":\"PropertyValueSpecification\",\"valueRequired\":true,\"valueName\":\"search_term_string\"}}],\"inLanguage\":\"ru-RU\"},{\"@type\":\"Organization\",\"@id\":\"https:\\\/\\\/autopaint.ee\\\/#organization\",\"name\":\"Autopaint O\u00dc\",\"url\":\"https:\\\/\\\/autopaint.ee\\\/\",\"logo\":{\"@type\":\"ImageObject\",\"inLanguage\":\"ru-RU\",\"@id\":\"https:\\\/\\\/autopaint.ee\\\/#\\\/schema\\\/logo\\\/image\\\/\",\"url\":\"https:\\\/\\\/autopaint.ee\\\/wp-content\\\/uploads\\\/2023\\\/06\\\/cropped-logo.png\",\"contentUrl\":\"https:\\\/\\\/autopaint.ee\\\/wp-content\\\/uploads\\\/2023\\\/06\\\/cropped-logo.png\",\"width\":221,\"height\":114,\"caption\":\"Autopaint O\u00dc\"},\"image\":{\"@id\":\"https:\\\/\\\/autopaint.ee\\\/#\\\/schema\\\/logo\\\/image\\\/\"}}]}<\/script>\n<!-- \/ Yoast SEO plugin. -->","yoast_head_json":{"title":"TRIM#11 High build top coat satin black - Autopaint","description":"kate, mis taastab viimistluse ja akende, uste, k\u00e4epidemete, v\u00e4lispeeglite, kaitseraudade ja rataste \u00fcmbruse nende esialgse v\u00e4limuse Sobib kasutamiseks olemasoleva v\u00e4rvkatte peal Kuivab kiiresti K\u00f5rge peitev\u00f5ime","robots":{"index":"index","follow":"follow","max-snippet":"max-snippet:-1","max-image-preview":"max-image-preview:large","max-video-preview":"max-video-preview:-1"},"canonical":"https:\/\/autopaint.ee\/toode\/trim11-high-build-top-coat-satin-black\/","og_locale":"ru_RU","og_type":"article","og_title":"TRIM#11 High build top coat satin black - Autopaint","og_description":"kate, mis taastab viimistluse ja akende, uste, k\u00e4epidemete, v\u00e4lispeeglite, kaitseraudade ja rataste \u00fcmbruse nende esialgse v\u00e4limuse Sobib kasutamiseks olemasoleva v\u00e4rvkatte peal Kuivab kiiresti K\u00f5rge peitev\u00f5ime","og_url":"https:\/\/autopaint.ee\/toode\/trim11-high-build-top-coat-satin-black\/","og_site_name":"Autopaint","og_image":[{"width":850,"height":1433,"url":"https:\/\/autopaint.ee\/wp-content\/uploads\/2023\/11\/TRIMSB-AL-Trim-11-Satin-Black-Universal-Aerosol.png","type":"image\/png"}],"twitter_card":"summary_large_image","schema":{"@context":"https:\/\/schema.org","@graph":[{"@type":"WebPage","@id":"https:\/\/autopaint.ee\/toode\/trim11-high-build-top-coat-satin-black\/","url":"https:\/\/autopaint.ee\/toode\/trim11-high-build-top-coat-satin-black\/","name":"TRIM#11 High build top coat satin black - Autopaint","isPartOf":{"@id":"https:\/\/autopaint.ee\/#website"},"primaryImageOfPage":{"@id":"https:\/\/autopaint.ee\/toode\/trim11-high-build-top-coat-satin-black\/#primaryimage"},"image":{"@id":"https:\/\/autopaint.ee\/toode\/trim11-high-build-top-coat-satin-black\/#primaryimage"},"thumbnailUrl":"https:\/\/autopaint.ee\/wp-content\/uploads\/2023\/11\/TRIMSB-AL-Trim-11-Satin-Black-Universal-Aerosol.png","datePublished":"2023-11-28T10:14:47+00:00","description":"kate, mis taastab viimistluse ja akende, uste, k\u00e4epidemete, v\u00e4lispeeglite, kaitseraudade ja rataste \u00fcmbruse nende esialgse v\u00e4limuse Sobib kasutamiseks olemasoleva v\u00e4rvkatte peal Kuivab kiiresti K\u00f5rge peitev\u00f5ime","breadcrumb":{"@id":"https:\/\/autopaint.ee\/toode\/trim11-high-build-top-coat-satin-black\/#breadcrumb"},"inLanguage":"ru-RU","potentialAction":[{"@type":"ReadAction","target":["https:\/\/autopaint.ee\/toode\/trim11-high-build-top-coat-satin-black\/"]}]},{"@type":"ImageObject","inLanguage":"ru-RU","@id":"https:\/\/autopaint.ee\/toode\/trim11-high-build-top-coat-satin-black\/#primaryimage","url":"https:\/\/autopaint.ee\/wp-content\/uploads\/2023\/11\/TRIMSB-AL-Trim-11-Satin-Black-Universal-Aerosol.png","contentUrl":"https:\/\/autopaint.ee\/wp-content\/uploads\/2023\/11\/TRIMSB-AL-Trim-11-Satin-Black-Universal-Aerosol.png","width":850,"height":1433,"caption":"TRIMSB AL Trim 11 (Satin Black) Universal Aerosol"},{"@type":"BreadcrumbList","@id":"https:\/\/autopaint.ee\/toode\/trim11-high-build-top-coat-satin-black\/#breadcrumb","itemListElement":[{"@type":"ListItem","position":1,"name":"Home","item":"https:\/\/autopaint.ee\/ru\/"},{"@type":"ListItem","position":2,"name":"\u041c\u0430\u0433\u0430\u0437\u0438\u043d","item":"https:\/\/autopaint.ee\/ru\/pood\/"},{"@type":"ListItem","position":3,"name":"TRIM#11 High build top coat satin black"}]},{"@type":"WebSite","@id":"https:\/\/autopaint.ee\/#website","url":"https:\/\/autopaint.ee\/","name":"Autopaint","description":"J&auml;rgmine WordPress veebileht","publisher":{"@id":"https:\/\/autopaint.ee\/#organization"},"potentialAction":[{"@type":"SearchAction","target":{"@type":"EntryPoint","urlTemplate":"https:\/\/autopaint.ee\/?s={search_term_string}"},"query-input":{"@type":"PropertyValueSpecification","valueRequired":true,"valueName":"search_term_string"}}],"inLanguage":"ru-RU"},{"@type":"Organization","@id":"https:\/\/autopaint.ee\/#organization","name":"Autopaint O\u00dc","url":"https:\/\/autopaint.ee\/","logo":{"@type":"ImageObject","inLanguage":"ru-RU","@id":"https:\/\/autopaint.ee\/#\/schema\/logo\/image\/","url":"https:\/\/autopaint.ee\/wp-content\/uploads\/2023\/06\/cropped-logo.png","contentUrl":"https:\/\/autopaint.ee\/wp-content\/uploads\/2023\/06\/cropped-logo.png","width":221,"height":114,"caption":"Autopaint O\u00dc"},"image":{"@id":"https:\/\/autopaint.ee\/#\/schema\/logo\/image\/"}}]}},"_links":{"self":[{"href":"https:\/\/autopaint.ee\/ru\/wp-json\/wp\/v2\/product\/5234","targetHints":{"allow":["GET"]}}],"collection":[{"href":"https:\/\/autopaint.ee\/ru\/wp-json\/wp\/v2\/product"}],"about":[{"href":"https:\/\/autopaint.ee\/ru\/wp-json\/wp\/v2\/types\/product"}],"replies":[{"embeddable":true,"href":"https:\/\/autopaint.ee\/ru\/wp-json\/wp\/v2\/comments?post=5234"}],"version-history":[{"count":0,"href":"https:\/\/autopaint.ee\/ru\/wp-json\/wp\/v2\/product\/5234\/revisions"}],"wp:featuredmedia":[{"embeddable":true,"href":"https:\/\/autopaint.ee\/ru\/wp-json\/wp\/v2\/media\/4966"}],"wp:attachment":[{"href":"https:\/\/autopaint.ee\/ru\/wp-json\/wp\/v2\/media?parent=5234"}],"wp:term":[{"taxonomy":"product_brand","embeddable":true,"href":"https:\/\/autopaint.ee\/ru\/wp-json\/wp\/v2\/product_brand?post=5234"},{"taxonomy":"product_cat","embeddable":true,"href":"https:\/\/autopaint.ee\/ru\/wp-json\/wp\/v2\/product_cat?post=5234"},{"taxonomy":"product_tag","embeddable":true,"href":"https:\/\/autopaint.ee\/ru\/wp-json\/wp\/v2\/product_tag?post=5234"}],"curies":[{"name":"wp","href":"https:\/\/api.w.org\/{rel}","templated":true}]}}