{"id":6255,"date":"2024-01-16T12:49:11","date_gmt":"2024-01-16T12:49:11","guid":{"rendered":"https:\/\/autopaint.ee\/toode\/soll-lifting-tape-10-45mm-x-10m\/"},"modified":"2026-03-05T13:36:18","modified_gmt":"2026-03-05T13:36:18","slug":"soll-lifting-tape-10-45mm-x-10m","status":"publish","type":"product","link":"https:\/\/autopaint.ee\/ru\/toode\/soll-lifting-tape-10-45mm-x-10m\/","title":{"rendered":"ARS Teip kummitihendite maskeerimiseks 10\u201345 mm \u00d7 10 m"},"content":{"rendered":"<p><span style=\"font-weight: 400;\">Tootekood: SJ4510<\/span><\/p>\n<p>&nbsp;<\/p>\n<p><span style=\"font-weight: 400;\">Spetsiaalne maskeerimisteip kummitihendite kaitsmiseks v\u00e4rvit\u00f6\u00f6de ajal. M\u00f5eldud akende, uste ja teiste detailide kummitihendite maskeerimiseks.<\/span><\/p>\n<p><span style=\"font-weight: 400;\">Teibi reguleeritav laius 10\u201345 mm v\u00f5imaldab seda kasutada erinevat t\u00fc\u00fcpi tihenditega. Perforeeritud struktuur muudab teibi kergesti rebitavaks ja lihtsustab paigaldamist.<\/span><\/p>\n<p><span style=\"font-weight: 400;\">Sobib peaaegu k\u00f5ikidele automudelitele.<\/span><\/p>\n<p><span style=\"font-weight: 400;\">Kuumuskindlus: kuni 100\u00b0C.<\/span><\/p>\n<p>&nbsp;<\/p>\n<p><strong>Eelised:<\/strong><\/p>\n<p><span style=\"font-weight: 400;\">\u2714 M\u00f5eldud spetsiaalselt kummitihendite maskeerimiseks<\/span><\/p>\n<p><span style=\"font-weight: 400;\">\u2714 Reguleeritav laius 10\u201345 mm<\/span><\/p>\n<p><span style=\"font-weight: 400;\">\u2714 Perforeeritud \u2013 kergesti rebitav<\/span><\/p>\n<p><span style=\"font-weight: 400;\">\u2714 Kiire ja mugav paigaldus<\/span><\/p>\n<p><span style=\"font-weight: 400;\">\u2714 Kuumuskindlus kuni 100\u00b0C<\/span><\/p>\n<p>&nbsp;<\/p>\n<p><strong>Kasutusvaldkond:<\/strong><\/p>\n<p><span style=\"font-weight: 400;\">\ud83d\udd39 Akende kummitihendite maskeerimine<\/span><\/p>\n<p><span style=\"font-weight: 400;\">\ud83d\udd39 Uksetihendite kaitse v\u00e4rvimisel<\/span><\/p>\n<p><span style=\"font-weight: 400;\">\ud83d\udd39 Auto ettevalmistus v\u00e4rvimiseks<\/span><\/p>\n<p><span style=\"font-weight: 400;\">\ud83d\udd39 Kereremondi v\u00e4rvit\u00f6\u00f6d<\/span><\/p>\n<p>&nbsp;<\/p>\n<p><strong>Tehnilised andmed:<\/strong><\/p>\n<p><span style=\"font-weight: 400;\">\u2013 T\u00fc\u00fcp: kummitihendite maskeerimisteip<\/span><\/p>\n<p><span style=\"font-weight: 400;\">\u2013 Laius: reguleeritav 10\u201345 mm<\/span><\/p>\n<p><span style=\"font-weight: 400;\">\u2013 Rulli pikkus: 10 m<\/span><\/p>\n<p><span style=\"font-weight: 400;\">\u2013 Kuumuskindlus: kuni 100\u00b0C<\/span><\/p>\n<p><span style=\"font-weight: 400;\">\u2013 Omadus: perforeeritud<\/span><\/p>\n<p>&nbsp;<\/p>\n<p><strong>Kasutussoovitused:<\/strong><\/p>\n<p><span style=\"font-weight: 400;\">Asetada teip tihendi ja kere vahele ning siluda see kogu pikkuses. P\u00e4rast v\u00e4rvimist eemaldada teip enne katte t\u00e4ielikku k\u00f5venemist.<\/span><\/p>\n<p>&nbsp;<\/p>\n<p><span style=\"font-weight: 400;\"><strong>NB!:<\/strong> Enne paigaldamist peab pind olema puhas ja kuiv.<\/span><\/p>\n","protected":false},"excerpt":{"rendered":"<p><span style=\"font-weight: 400;\">Perforeeritud teip kummitihendite maskeerimiseks v\u00e4rvit\u00f6\u00f6de ajal.<\/span><\/p>\n","protected":false},"featured_media":8637,"comment_status":"open","ping_status":"closed","template":"","meta":[],"product_brand":[330],"product_cat":[],"product_tag":[],"class_list":{"0":"post-6255","1":"product","2":"type-product","3":"status-publish","4":"has-post-thumbnail","6":"product_brand-ars-soll","8":"first","9":"instock","10":"taxable","11":"shipping-taxable","12":"purchasable","13":"product-type-simple"},"yoast_head":"<!-- This site is optimized with the Yoast SEO plugin v27.3 - https:\/\/yoast.com\/product\/yoast-seo-wordpress\/ -->\n<title>ARS Teip kummitihendite maskeerimiseks 10\u201345 mm \u00d7 10 m - Autopaint<\/title>\n<meta name=\"robots\" content=\"index, follow, max-snippet:-1, max-image-preview:large, max-video-preview:-1\" \/>\n<link rel=\"canonical\" href=\"https:\/\/autopaint.ee\/ru\/toode\/soll-lifting-tape-10-45mm-x-10m\/\" \/>\n<meta property=\"og:locale\" content=\"ru_RU\" \/>\n<meta property=\"og:type\" content=\"article\" \/>\n<meta property=\"og:title\" content=\"ARS Teip kummitihendite maskeerimiseks 10\u201345 mm \u00d7 10 m - Autopaint\" \/>\n<meta property=\"og:description\" content=\"Perforeeritud teip kummitihendite maskeerimiseks v\u00e4rvit\u00f6\u00f6de ajal.\" \/>\n<meta property=\"og:url\" content=\"https:\/\/autopaint.ee\/ru\/toode\/soll-lifting-tape-10-45mm-x-10m\/\" \/>\n<meta property=\"og:site_name\" content=\"Autopaint\" \/>\n<meta property=\"article:modified_time\" content=\"2026-03-05T13:36:18+00:00\" \/>\n<meta property=\"og:image\" content=\"https:\/\/autopaint.ee\/wp-content\/uploads\/2024\/01\/soll-trim-masking-tape-10-45-mm-x-10m.jpg\" \/>\n\t<meta property=\"og:image:width\" content=\"1200\" \/>\n\t<meta property=\"og:image:height\" content=\"1200\" \/>\n\t<meta property=\"og:image:type\" content=\"image\/jpeg\" \/>\n<meta name=\"twitter:card\" content=\"summary_large_image\" \/>\n<script type=\"application\/ld+json\" class=\"yoast-schema-graph\">{\"@context\":\"https:\\\/\\\/schema.org\",\"@graph\":[{\"@type\":\"WebPage\",\"@id\":\"https:\\\/\\\/autopaint.ee\\\/ru\\\/toode\\\/soll-lifting-tape-10-45mm-x-10m\\\/\",\"url\":\"https:\\\/\\\/autopaint.ee\\\/ru\\\/toode\\\/soll-lifting-tape-10-45mm-x-10m\\\/\",\"name\":\"ARS Teip kummitihendite maskeerimiseks 10\u201345 mm \u00d7 10 m - Autopaint\",\"isPartOf\":{\"@id\":\"https:\\\/\\\/autopaint.ee\\\/#website\"},\"primaryImageOfPage\":{\"@id\":\"https:\\\/\\\/autopaint.ee\\\/ru\\\/toode\\\/soll-lifting-tape-10-45mm-x-10m\\\/#primaryimage\"},\"image\":{\"@id\":\"https:\\\/\\\/autopaint.ee\\\/ru\\\/toode\\\/soll-lifting-tape-10-45mm-x-10m\\\/#primaryimage\"},\"thumbnailUrl\":\"https:\\\/\\\/autopaint.ee\\\/wp-content\\\/uploads\\\/2024\\\/01\\\/soll-trim-masking-tape-10-45-mm-x-10m.jpg\",\"datePublished\":\"2024-01-16T12:49:11+00:00\",\"dateModified\":\"2026-03-05T13:36:18+00:00\",\"breadcrumb\":{\"@id\":\"https:\\\/\\\/autopaint.ee\\\/ru\\\/toode\\\/soll-lifting-tape-10-45mm-x-10m\\\/#breadcrumb\"},\"inLanguage\":\"ru-RU\",\"potentialAction\":[{\"@type\":\"ReadAction\",\"target\":[\"https:\\\/\\\/autopaint.ee\\\/ru\\\/toode\\\/soll-lifting-tape-10-45mm-x-10m\\\/\"]}]},{\"@type\":\"ImageObject\",\"inLanguage\":\"ru-RU\",\"@id\":\"https:\\\/\\\/autopaint.ee\\\/ru\\\/toode\\\/soll-lifting-tape-10-45mm-x-10m\\\/#primaryimage\",\"url\":\"https:\\\/\\\/autopaint.ee\\\/wp-content\\\/uploads\\\/2024\\\/01\\\/soll-trim-masking-tape-10-45-mm-x-10m.jpg\",\"contentUrl\":\"https:\\\/\\\/autopaint.ee\\\/wp-content\\\/uploads\\\/2024\\\/01\\\/soll-trim-masking-tape-10-45-mm-x-10m.jpg\",\"width\":1200,\"height\":1200,\"caption\":\"soll trim masking tape 10 45 mm x 10m\"},{\"@type\":\"BreadcrumbList\",\"@id\":\"https:\\\/\\\/autopaint.ee\\\/ru\\\/toode\\\/soll-lifting-tape-10-45mm-x-10m\\\/#breadcrumb\",\"itemListElement\":[{\"@type\":\"ListItem\",\"position\":1,\"name\":\"Home\",\"item\":\"https:\\\/\\\/autopaint.ee\\\/ru\\\/\"},{\"@type\":\"ListItem\",\"position\":2,\"name\":\"\u041c\u0430\u0433\u0430\u0437\u0438\u043d\",\"item\":\"https:\\\/\\\/autopaint.ee\\\/ru\\\/pood\\\/\"},{\"@type\":\"ListItem\",\"position\":3,\"name\":\"ARS Teip kummitihendite maskeerimiseks 10\u201345 mm \u00d7 10 m\"}]},{\"@type\":\"WebSite\",\"@id\":\"https:\\\/\\\/autopaint.ee\\\/#website\",\"url\":\"https:\\\/\\\/autopaint.ee\\\/\",\"name\":\"Autopaint\",\"description\":\"J&auml;rgmine WordPress veebileht\",\"publisher\":{\"@id\":\"https:\\\/\\\/autopaint.ee\\\/#organization\"},\"potentialAction\":[{\"@type\":\"SearchAction\",\"target\":{\"@type\":\"EntryPoint\",\"urlTemplate\":\"https:\\\/\\\/autopaint.ee\\\/?s={search_term_string}\"},\"query-input\":{\"@type\":\"PropertyValueSpecification\",\"valueRequired\":true,\"valueName\":\"search_term_string\"}}],\"inLanguage\":\"ru-RU\"},{\"@type\":\"Organization\",\"@id\":\"https:\\\/\\\/autopaint.ee\\\/#organization\",\"name\":\"Autopaint O\u00dc\",\"url\":\"https:\\\/\\\/autopaint.ee\\\/\",\"logo\":{\"@type\":\"ImageObject\",\"inLanguage\":\"ru-RU\",\"@id\":\"https:\\\/\\\/autopaint.ee\\\/#\\\/schema\\\/logo\\\/image\\\/\",\"url\":\"https:\\\/\\\/autopaint.ee\\\/wp-content\\\/uploads\\\/2023\\\/06\\\/cropped-logo.png\",\"contentUrl\":\"https:\\\/\\\/autopaint.ee\\\/wp-content\\\/uploads\\\/2023\\\/06\\\/cropped-logo.png\",\"width\":221,\"height\":114,\"caption\":\"Autopaint O\u00dc\"},\"image\":{\"@id\":\"https:\\\/\\\/autopaint.ee\\\/#\\\/schema\\\/logo\\\/image\\\/\"}}]}<\/script>\n<!-- \/ Yoast SEO plugin. -->","yoast_head_json":{"title":"ARS Teip kummitihendite maskeerimiseks 10\u201345 mm \u00d7 10 m - Autopaint","robots":{"index":"index","follow":"follow","max-snippet":"max-snippet:-1","max-image-preview":"max-image-preview:large","max-video-preview":"max-video-preview:-1"},"canonical":"https:\/\/autopaint.ee\/ru\/toode\/soll-lifting-tape-10-45mm-x-10m\/","og_locale":"ru_RU","og_type":"article","og_title":"ARS Teip kummitihendite maskeerimiseks 10\u201345 mm \u00d7 10 m - Autopaint","og_description":"Perforeeritud teip kummitihendite maskeerimiseks v\u00e4rvit\u00f6\u00f6de ajal.","og_url":"https:\/\/autopaint.ee\/ru\/toode\/soll-lifting-tape-10-45mm-x-10m\/","og_site_name":"Autopaint","article_modified_time":"2026-03-05T13:36:18+00:00","og_image":[{"width":1200,"height":1200,"url":"https:\/\/autopaint.ee\/wp-content\/uploads\/2024\/01\/soll-trim-masking-tape-10-45-mm-x-10m.jpg","type":"image\/jpeg"}],"twitter_card":"summary_large_image","schema":{"@context":"https:\/\/schema.org","@graph":[{"@type":"WebPage","@id":"https:\/\/autopaint.ee\/ru\/toode\/soll-lifting-tape-10-45mm-x-10m\/","url":"https:\/\/autopaint.ee\/ru\/toode\/soll-lifting-tape-10-45mm-x-10m\/","name":"ARS Teip kummitihendite maskeerimiseks 10\u201345 mm \u00d7 10 m - Autopaint","isPartOf":{"@id":"https:\/\/autopaint.ee\/#website"},"primaryImageOfPage":{"@id":"https:\/\/autopaint.ee\/ru\/toode\/soll-lifting-tape-10-45mm-x-10m\/#primaryimage"},"image":{"@id":"https:\/\/autopaint.ee\/ru\/toode\/soll-lifting-tape-10-45mm-x-10m\/#primaryimage"},"thumbnailUrl":"https:\/\/autopaint.ee\/wp-content\/uploads\/2024\/01\/soll-trim-masking-tape-10-45-mm-x-10m.jpg","datePublished":"2024-01-16T12:49:11+00:00","dateModified":"2026-03-05T13:36:18+00:00","breadcrumb":{"@id":"https:\/\/autopaint.ee\/ru\/toode\/soll-lifting-tape-10-45mm-x-10m\/#breadcrumb"},"inLanguage":"ru-RU","potentialAction":[{"@type":"ReadAction","target":["https:\/\/autopaint.ee\/ru\/toode\/soll-lifting-tape-10-45mm-x-10m\/"]}]},{"@type":"ImageObject","inLanguage":"ru-RU","@id":"https:\/\/autopaint.ee\/ru\/toode\/soll-lifting-tape-10-45mm-x-10m\/#primaryimage","url":"https:\/\/autopaint.ee\/wp-content\/uploads\/2024\/01\/soll-trim-masking-tape-10-45-mm-x-10m.jpg","contentUrl":"https:\/\/autopaint.ee\/wp-content\/uploads\/2024\/01\/soll-trim-masking-tape-10-45-mm-x-10m.jpg","width":1200,"height":1200,"caption":"soll trim masking tape 10 45 mm x 10m"},{"@type":"BreadcrumbList","@id":"https:\/\/autopaint.ee\/ru\/toode\/soll-lifting-tape-10-45mm-x-10m\/#breadcrumb","itemListElement":[{"@type":"ListItem","position":1,"name":"Home","item":"https:\/\/autopaint.ee\/ru\/"},{"@type":"ListItem","position":2,"name":"\u041c\u0430\u0433\u0430\u0437\u0438\u043d","item":"https:\/\/autopaint.ee\/ru\/pood\/"},{"@type":"ListItem","position":3,"name":"ARS Teip kummitihendite maskeerimiseks 10\u201345 mm \u00d7 10 m"}]},{"@type":"WebSite","@id":"https:\/\/autopaint.ee\/#website","url":"https:\/\/autopaint.ee\/","name":"Autopaint","description":"J&auml;rgmine WordPress veebileht","publisher":{"@id":"https:\/\/autopaint.ee\/#organization"},"potentialAction":[{"@type":"SearchAction","target":{"@type":"EntryPoint","urlTemplate":"https:\/\/autopaint.ee\/?s={search_term_string}"},"query-input":{"@type":"PropertyValueSpecification","valueRequired":true,"valueName":"search_term_string"}}],"inLanguage":"ru-RU"},{"@type":"Organization","@id":"https:\/\/autopaint.ee\/#organization","name":"Autopaint O\u00dc","url":"https:\/\/autopaint.ee\/","logo":{"@type":"ImageObject","inLanguage":"ru-RU","@id":"https:\/\/autopaint.ee\/#\/schema\/logo\/image\/","url":"https:\/\/autopaint.ee\/wp-content\/uploads\/2023\/06\/cropped-logo.png","contentUrl":"https:\/\/autopaint.ee\/wp-content\/uploads\/2023\/06\/cropped-logo.png","width":221,"height":114,"caption":"Autopaint O\u00dc"},"image":{"@id":"https:\/\/autopaint.ee\/#\/schema\/logo\/image\/"}}]}},"_links":{"self":[{"href":"https:\/\/autopaint.ee\/ru\/wp-json\/wp\/v2\/product\/6255","targetHints":{"allow":["GET"]}}],"collection":[{"href":"https:\/\/autopaint.ee\/ru\/wp-json\/wp\/v2\/product"}],"about":[{"href":"https:\/\/autopaint.ee\/ru\/wp-json\/wp\/v2\/types\/product"}],"replies":[{"embeddable":true,"href":"https:\/\/autopaint.ee\/ru\/wp-json\/wp\/v2\/comments?post=6255"}],"version-history":[{"count":2,"href":"https:\/\/autopaint.ee\/ru\/wp-json\/wp\/v2\/product\/6255\/revisions"}],"predecessor-version":[{"id":8634,"href":"https:\/\/autopaint.ee\/ru\/wp-json\/wp\/v2\/product\/6255\/revisions\/8634"}],"wp:featuredmedia":[{"embeddable":true,"href":"https:\/\/autopaint.ee\/ru\/wp-json\/wp\/v2\/media\/8637"}],"wp:attachment":[{"href":"https:\/\/autopaint.ee\/ru\/wp-json\/wp\/v2\/media?parent=6255"}],"wp:term":[{"taxonomy":"product_brand","embeddable":true,"href":"https:\/\/autopaint.ee\/ru\/wp-json\/wp\/v2\/product_brand?post=6255"},{"taxonomy":"product_cat","embeddable":true,"href":"https:\/\/autopaint.ee\/ru\/wp-json\/wp\/v2\/product_cat?post=6255"},{"taxonomy":"product_tag","embeddable":true,"href":"https:\/\/autopaint.ee\/ru\/wp-json\/wp\/v2\/product_tag?post=6255"}],"curies":[{"name":"wp","href":"https:\/\/api.w.org\/{rel}","templated":true}]}}