{"id":7888,"date":"2026-02-18T09:51:25","date_gmt":"2026-02-18T09:51:25","guid":{"rendered":"https:\/\/autopaint.ee\/toode\/ars-%d0%b3%d1%80%d1%83%d0%bd%d1%82-%d1%87%d1%91%d1%80%d0%bd%d1%8b%d0%b9-%d1%81%d0%b5%d1%80%d1%8b%d0%b9-%d0%b1%d0%b5%d0%bb%d1%8b%d0%b9-500-%d0%bc%d0%bb\/"},"modified":"2026-02-18T10:01:28","modified_gmt":"2026-02-18T10:01:28","slug":"ars-%d0%b3%d1%80%d1%83%d0%bd%d1%82-%d1%87%d1%91%d1%80%d0%bd%d1%8b%d0%b9-%d1%81%d0%b5%d1%80%d1%8b%d0%b9-%d0%b1%d0%b5%d0%bb%d1%8b%d0%b9-500-%d0%bc%d0%bb","status":"publish","type":"product","link":"https:\/\/autopaint.ee\/ru\/toode\/ars-%d0%b3%d1%80%d1%83%d0%bd%d1%82-%d1%87%d1%91%d1%80%d0%bd%d1%8b%d0%b9-%d1%81%d0%b5%d1%80%d1%8b%d0%b9-%d0%b1%d0%b5%d0%bb%d1%8b%d0%b9-500-%d0%bc%d0%bb\/","title":{"rendered":"ARS \u0433\u0440\u0443\u043d\u0442, \u0447\u0451\u0440\u043d\u044b\u0439 \/ \u0441\u0435\u0440\u044b\u0439 \/ \u0431\u0435\u043b\u044b\u0439, 500 \u043c\u043b"},"content":{"rendered":"<p><strong>\u041e\u043f\u0438\u0441\u0430\u043d\u0438\u0435:<\/strong><\/p>\n<p>ARS akr\u00fc\u00fclkrunt aerosoolis on m\u00f5eldud pinna ettevalmistamiseks enne l\u00f5ppv\u00e4rvi pealekandmist. Moodustab sileda ja \u00fchtlase aluspinna, parandab j\u00e4rgnevate v\u00e4rvikihtide nakkuvust ning aitab t\u00e4ita v\u00e4iksemaid ebatasasusi ja defekte. Sobib erinevateks remondi- ja v\u00e4rvit\u00f6\u00f6deks.  <\/p>\n<p>Krunt on lihtsasti pealekantav, kuivab kiiresti ning on kergesti lihvitav, v\u00f5imaldades saavutada kvaliteetse ja \u00fchtlase tulemuse. V\u00f5ib kasutada erinevatel pindadel p\u00e4rast n\u00f5uetekohast ettevalmistust. <\/p>\n<p>&nbsp;<\/p>\n<p><strong>\u041f\u0440\u0435\u0438\u043c\u0443\u0449\u0435\u0441\u0442\u0432\u0430:<\/strong><\/p>\n<p>\u2714 \u0441\u043e\u0437\u0434\u0430\u0451\u0442 \u0433\u043b\u0430\u0434\u043a\u0443\u044e \u043e\u0441\u043d\u043e\u0432\u0443 \u043f\u043e\u0434 \u043e\u043a\u0440\u0430\u0441\u043a\u0443<\/p>\n<p>\u2714 \u0437\u0430\u043f\u043e\u043b\u043d\u044f\u0435\u0442 \u043c\u0435\u043b\u043a\u0438\u0435 \u043d\u0435\u0440\u043e\u0432\u043d\u043e\u0441\u0442\u0438<\/p>\n<p>\u2714 \u0443\u043b\u0443\u0447\u0448\u0430\u0435\u0442 \u0430\u0434\u0433\u0435\u0437\u0438\u044e \u043f\u043e\u0441\u043b\u0435\u0434\u0443\u044e\u0449\u0438\u0445 \u0441\u043b\u043e\u0451\u0432<\/p>\n<p>\u2714 \u043b\u0435\u0433\u043a\u043e \u0448\u043b\u0438\u0444\u0443\u0435\u0442\u0441\u044f<\/p>\n<p>\u2714 \u0443\u0434\u043e\u0431\u043d\u044b\u0439 \u0430\u044d\u0440\u043e\u0437\u043e\u043b\u044c\u043d\u044b\u0439 \u0444\u043e\u0440\u043c\u0430\u0442<\/p>\n<p>\u2714 \u0434\u043e\u0441\u0442\u0443\u043f\u0435\u043d \u0432 \u0446\u0432\u0435\u0442\u0430\u0445: \u0447\u0451\u0440\u043d\u044b\u0439, \u0441\u0435\u0440\u044b\u0439, \u0431\u0435\u043b\u044b\u0439<\/p>\n<p>&nbsp;<\/p>\n<p><strong>\u041e\u0431\u043b\u0430\u0441\u0442\u044c \u043f\u0440\u0438\u043c\u0435\u043d\u0435\u043d\u0438\u044f:<\/strong><\/p>\n<p><b>\ud83d\udd39<\/b> \u043f\u043e\u0434\u0433\u043e\u0442\u043e\u0432\u043a\u0430 \u043f\u043e\u0432\u0435\u0440\u0445\u043d\u043e\u0441\u0442\u0438 \u043f\u0435\u0440\u0435\u0434 \u043e\u043a\u0440\u0430\u0441\u043a\u043e\u0439<b><\/b><\/p>\n<p>\ud83d\udd39 \u0432\u044b\u0440\u0430\u0432\u043d\u0438\u0432\u0430\u043d\u0438\u0435 \u043c\u0435\u043b\u043a\u0438\u0445 \u0434\u0435\u0444\u0435\u043a\u0442\u043e\u0432<\/p>\n<p>\ud83d\udd39 \u043a\u0443\u0437\u043e\u0432\u043d\u043e\u0439 \u0438 \u043c\u0430\u043b\u044f\u0440\u043d\u044b\u0439 \u0440\u0435\u043c\u043e\u043d\u0442<\/p>\n<p>&nbsp;<\/p>\n<p><strong>\u041f\u043e\u0434\u0445\u043e\u0434\u044f\u0449\u0438\u0435 \u043e\u0441\u043d\u043e\u0432\u0430\u043d\u0438\u044f \/ \u043f\u043e\u0432\u0435\u0440\u0445\u043d\u043e\u0441\u0442\u0438:<\/strong><\/p>\n<p>\u2013 \u043c\u0435\u0442\u0430\u043b\u043b<\/p>\n<p>\u2013 \u0437\u0430\u0433\u0440\u0443\u043d\u0442\u043e\u0432\u0430\u043d\u043d\u044b\u0435 \u043f\u043e\u0432\u0435\u0440\u0445\u043d\u043e\u0441\u0442\u0438<\/p>\n<p>\u2013 \u0440\u0430\u043d\u0435\u0435 \u043e\u043a\u0440\u0430\u0448\u0435\u043d\u043d\u044b\u0435 \u044d\u043b\u0435\u043c\u0435\u043d\u0442\u044b<\/p>\n<p>\u2013 \u043f\u043e\u0434\u0433\u043e\u0442\u043e\u0432\u043b\u0435\u043d\u043d\u044b\u0435 \u043a \u043e\u043a\u0440\u0430\u0441\u043a\u0435 \u043f\u043e\u0432\u0435\u0440\u0445\u043d\u043e\u0441\u0442\u0438<\/p>\n<p>&nbsp;<\/p>\n<p><strong>\u0421 \u044d\u0442\u0438\u043c \u0442\u043e\u0432\u0430\u0440\u043e\u043c \u0442\u0430\u043a\u0436\u0435 \u043f\u043e\u043a\u0443\u043f\u0430\u044e\u0442:<\/strong><\/p>\n<p><b>\ud83d\udd39 \u0430\u043a\u0440\u0438\u043b\u043e\u0432\u044b\u0435 \u0438 \u0431\u0430\u0437\u043e\u0432\u044b\u0435 \u043a\u0440\u0430\u0441\u043a\u0438<\/b><b><\/b><\/p>\n<p>\ud83d\udd39\u0431\u0435\u0441\u0446\u0432\u0435\u0442\u043d\u044b\u0435 \u043b\u0430\u043a\u0438<\/p>\n<p>\ud83d\udd39 \u0448\u043b\u0438\u0444\u043e\u0432\u0430\u043b\u044c\u043d\u044b\u0435 \u043c\u0430\u0442\u0435\u0440\u0438\u0430\u043b\u044b<\/p>\n<p>\ud83d\udd39 \u0430\u043d\u0442\u0438\u043a\u043e\u0440\u0440\u043e\u0437\u0438\u043e\u043d\u043d\u044b\u0435 \u0433\u0440\u0443\u043d\u0442\u044b<\/p>\n","protected":false},"excerpt":{"rendered":"<p>\u0410\u043a\u0440\u0438\u043b\u043e\u0432\u044b\u0439 \u0433\u0440\u0443\u043d\u0442 \u0432 \u0430\u044d\u0440\u043e\u0437\u043e\u043b\u0435 \u0434\u043b\u044f \u0441\u043e\u0437\u0434\u0430\u043d\u0438\u044f \u0433\u043b\u0430\u0434\u043a\u043e\u0439 \u043e\u0441\u043d\u043e\u0432\u044b \u043f\u043e\u0434 \u043f\u043e\u043a\u0440\u0430\u0441\u043a\u0443. \u0417\u0430\u043f\u043e\u043b\u043d\u044f\u0435\u0442 \u043c\u0435\u043b\u043a\u0438\u0435 \u043d\u0435\u0440\u043e\u0432\u043d\u043e\u0441\u0442\u0438 \u0438 \u043b\u0435\u0433\u043a\u043e \u0448\u043b\u0438\u0444\u0443\u0435\u0442\u0441\u044f. <\/p>\n","protected":false},"featured_media":7881,"comment_status":"open","ping_status":"closed","template":"","meta":[],"product_brand":[330],"product_cat":[214,369],"product_tag":[],"class_list":{"0":"post-7888","1":"product","2":"type-product","3":"status-publish","4":"has-post-thumbnail","6":"product_brand-ars-soll","7":"product_cat-aerosol-ru","8":"product_cat-aero-grunt","10":"first","11":"instock","12":"taxable","13":"shipping-taxable","14":"purchasable","15":"product-type-variable","16":"has-default-attributes"},"yoast_head":"<!-- This site is optimized with the Yoast SEO plugin v27.3 - https:\/\/yoast.com\/product\/yoast-seo-wordpress\/ -->\n<title>ARS krunt 500 ml | Autopaint Eesti<\/title>\n<meta name=\"description\" content=\"Krunt 500 ml \u2013 tugev nakkega aluskiht musta, halli v\u00f5i valge tooniga enne v\u00e4rvimist.\" \/>\n<meta name=\"robots\" content=\"index, follow, max-snippet:-1, max-image-preview:large, max-video-preview:-1\" \/>\n<link rel=\"canonical\" href=\"https:\/\/autopaint.ee\/ru\/toode\/ars-\u0433\u0440\u0443\u043d\u0442-\u0447\u0451\u0440\u043d\u044b\u0439-\u0441\u0435\u0440\u044b\u0439-\u0431\u0435\u043b\u044b\u0439-500-\u043c\u043b\/\" \/>\n<meta property=\"og:locale\" content=\"ru_RU\" \/>\n<meta property=\"og:type\" content=\"article\" \/>\n<meta property=\"og:title\" content=\"ARS krunt 500 ml | Autopaint Eesti\" \/>\n<meta property=\"og:description\" content=\"Krunt 500 ml \u2013 tugev nakkega aluskiht musta, halli v\u00f5i valge tooniga enne v\u00e4rvimist.\" \/>\n<meta property=\"og:url\" content=\"https:\/\/autopaint.ee\/ru\/toode\/ars-\u0433\u0440\u0443\u043d\u0442-\u0447\u0451\u0440\u043d\u044b\u0439-\u0441\u0435\u0440\u044b\u0439-\u0431\u0435\u043b\u044b\u0439-500-\u043c\u043b\/\" \/>\n<meta property=\"og:site_name\" content=\"Autopaint\" \/>\n<meta property=\"article:modified_time\" content=\"2026-02-18T10:01:28+00:00\" \/>\n<meta property=\"og:image\" content=\"https:\/\/autopaint.ee\/wp-content\/uploads\/2026\/02\/ars-black-primer-spray.png\" \/>\n\t<meta property=\"og:image:width\" content=\"800\" \/>\n\t<meta property=\"og:image:height\" content=\"800\" \/>\n\t<meta property=\"og:image:type\" content=\"image\/png\" \/>\n<meta name=\"twitter:card\" content=\"summary_large_image\" \/>\n<script type=\"application\/ld+json\" class=\"yoast-schema-graph\">{\"@context\":\"https:\\\/\\\/schema.org\",\"@graph\":[{\"@type\":\"WebPage\",\"@id\":\"https:\\\/\\\/autopaint.ee\\\/ru\\\/toode\\\/ars-%d0%b3%d1%80%d1%83%d0%bd%d1%82-%d1%87%d1%91%d1%80%d0%bd%d1%8b%d0%b9-%d1%81%d0%b5%d1%80%d1%8b%d0%b9-%d0%b1%d0%b5%d0%bb%d1%8b%d0%b9-500-%d0%bc%d0%bb\\\/\",\"url\":\"https:\\\/\\\/autopaint.ee\\\/ru\\\/toode\\\/ars-%d0%b3%d1%80%d1%83%d0%bd%d1%82-%d1%87%d1%91%d1%80%d0%bd%d1%8b%d0%b9-%d1%81%d0%b5%d1%80%d1%8b%d0%b9-%d0%b1%d0%b5%d0%bb%d1%8b%d0%b9-500-%d0%bc%d0%bb\\\/\",\"name\":\"ARS krunt 500 ml | Autopaint Eesti\",\"isPartOf\":{\"@id\":\"https:\\\/\\\/autopaint.ee\\\/#website\"},\"primaryImageOfPage\":{\"@id\":\"https:\\\/\\\/autopaint.ee\\\/ru\\\/toode\\\/ars-%d0%b3%d1%80%d1%83%d0%bd%d1%82-%d1%87%d1%91%d1%80%d0%bd%d1%8b%d0%b9-%d1%81%d0%b5%d1%80%d1%8b%d0%b9-%d0%b1%d0%b5%d0%bb%d1%8b%d0%b9-500-%d0%bc%d0%bb\\\/#primaryimage\"},\"image\":{\"@id\":\"https:\\\/\\\/autopaint.ee\\\/ru\\\/toode\\\/ars-%d0%b3%d1%80%d1%83%d0%bd%d1%82-%d1%87%d1%91%d1%80%d0%bd%d1%8b%d0%b9-%d1%81%d0%b5%d1%80%d1%8b%d0%b9-%d0%b1%d0%b5%d0%bb%d1%8b%d0%b9-500-%d0%bc%d0%bb\\\/#primaryimage\"},\"thumbnailUrl\":\"https:\\\/\\\/autopaint.ee\\\/wp-content\\\/uploads\\\/2026\\\/02\\\/ars-black-primer-spray.png\",\"datePublished\":\"2026-02-18T09:51:25+00:00\",\"dateModified\":\"2026-02-18T10:01:28+00:00\",\"description\":\"Krunt 500 ml \u2013 tugev nakkega aluskiht musta, halli v\u00f5i valge tooniga enne v\u00e4rvimist.\",\"breadcrumb\":{\"@id\":\"https:\\\/\\\/autopaint.ee\\\/ru\\\/toode\\\/ars-%d0%b3%d1%80%d1%83%d0%bd%d1%82-%d1%87%d1%91%d1%80%d0%bd%d1%8b%d0%b9-%d1%81%d0%b5%d1%80%d1%8b%d0%b9-%d0%b1%d0%b5%d0%bb%d1%8b%d0%b9-500-%d0%bc%d0%bb\\\/#breadcrumb\"},\"inLanguage\":\"ru-RU\",\"potentialAction\":[{\"@type\":\"ReadAction\",\"target\":[\"https:\\\/\\\/autopaint.ee\\\/ru\\\/toode\\\/ars-%d0%b3%d1%80%d1%83%d0%bd%d1%82-%d1%87%d1%91%d1%80%d0%bd%d1%8b%d0%b9-%d1%81%d0%b5%d1%80%d1%8b%d0%b9-%d0%b1%d0%b5%d0%bb%d1%8b%d0%b9-500-%d0%bc%d0%bb\\\/\"]}]},{\"@type\":\"ImageObject\",\"inLanguage\":\"ru-RU\",\"@id\":\"https:\\\/\\\/autopaint.ee\\\/ru\\\/toode\\\/ars-%d0%b3%d1%80%d1%83%d0%bd%d1%82-%d1%87%d1%91%d1%80%d0%bd%d1%8b%d0%b9-%d1%81%d0%b5%d1%80%d1%8b%d0%b9-%d0%b1%d0%b5%d0%bb%d1%8b%d0%b9-500-%d0%bc%d0%bb\\\/#primaryimage\",\"url\":\"https:\\\/\\\/autopaint.ee\\\/wp-content\\\/uploads\\\/2026\\\/02\\\/ars-black-primer-spray.png\",\"contentUrl\":\"https:\\\/\\\/autopaint.ee\\\/wp-content\\\/uploads\\\/2026\\\/02\\\/ars-black-primer-spray.png\",\"width\":800,\"height\":800,\"caption\":\"ars black primer spray\"},{\"@type\":\"BreadcrumbList\",\"@id\":\"https:\\\/\\\/autopaint.ee\\\/ru\\\/toode\\\/ars-%d0%b3%d1%80%d1%83%d0%bd%d1%82-%d1%87%d1%91%d1%80%d0%bd%d1%8b%d0%b9-%d1%81%d0%b5%d1%80%d1%8b%d0%b9-%d0%b1%d0%b5%d0%bb%d1%8b%d0%b9-500-%d0%bc%d0%bb\\\/#breadcrumb\",\"itemListElement\":[{\"@type\":\"ListItem\",\"position\":1,\"name\":\"Home\",\"item\":\"https:\\\/\\\/autopaint.ee\\\/ru\\\/\"},{\"@type\":\"ListItem\",\"position\":2,\"name\":\"\u041c\u0430\u0433\u0430\u0437\u0438\u043d\",\"item\":\"https:\\\/\\\/autopaint.ee\\\/ru\\\/pood\\\/\"},{\"@type\":\"ListItem\",\"position\":3,\"name\":\"ARS \u0433\u0440\u0443\u043d\u0442, \u0447\u0451\u0440\u043d\u044b\u0439 \\\/ \u0441\u0435\u0440\u044b\u0439 \\\/ \u0431\u0435\u043b\u044b\u0439, 500 \u043c\u043b\"}]},{\"@type\":\"WebSite\",\"@id\":\"https:\\\/\\\/autopaint.ee\\\/#website\",\"url\":\"https:\\\/\\\/autopaint.ee\\\/\",\"name\":\"Autopaint\",\"description\":\"J&auml;rgmine WordPress veebileht\",\"publisher\":{\"@id\":\"https:\\\/\\\/autopaint.ee\\\/#organization\"},\"potentialAction\":[{\"@type\":\"SearchAction\",\"target\":{\"@type\":\"EntryPoint\",\"urlTemplate\":\"https:\\\/\\\/autopaint.ee\\\/?s={search_term_string}\"},\"query-input\":{\"@type\":\"PropertyValueSpecification\",\"valueRequired\":true,\"valueName\":\"search_term_string\"}}],\"inLanguage\":\"ru-RU\"},{\"@type\":\"Organization\",\"@id\":\"https:\\\/\\\/autopaint.ee\\\/#organization\",\"name\":\"Autopaint O\u00dc\",\"url\":\"https:\\\/\\\/autopaint.ee\\\/\",\"logo\":{\"@type\":\"ImageObject\",\"inLanguage\":\"ru-RU\",\"@id\":\"https:\\\/\\\/autopaint.ee\\\/#\\\/schema\\\/logo\\\/image\\\/\",\"url\":\"https:\\\/\\\/autopaint.ee\\\/wp-content\\\/uploads\\\/2023\\\/06\\\/cropped-logo.png\",\"contentUrl\":\"https:\\\/\\\/autopaint.ee\\\/wp-content\\\/uploads\\\/2023\\\/06\\\/cropped-logo.png\",\"width\":221,\"height\":114,\"caption\":\"Autopaint O\u00dc\"},\"image\":{\"@id\":\"https:\\\/\\\/autopaint.ee\\\/#\\\/schema\\\/logo\\\/image\\\/\"}}]}<\/script>\n<!-- \/ Yoast SEO plugin. -->","yoast_head_json":{"title":"ARS krunt 500 ml | Autopaint Eesti","description":"Krunt 500 ml \u2013 tugev nakkega aluskiht musta, halli v\u00f5i valge tooniga enne v\u00e4rvimist.","robots":{"index":"index","follow":"follow","max-snippet":"max-snippet:-1","max-image-preview":"max-image-preview:large","max-video-preview":"max-video-preview:-1"},"canonical":"https:\/\/autopaint.ee\/ru\/toode\/ars-\u0433\u0440\u0443\u043d\u0442-\u0447\u0451\u0440\u043d\u044b\u0439-\u0441\u0435\u0440\u044b\u0439-\u0431\u0435\u043b\u044b\u0439-500-\u043c\u043b\/","og_locale":"ru_RU","og_type":"article","og_title":"ARS krunt 500 ml | Autopaint Eesti","og_description":"Krunt 500 ml \u2013 tugev nakkega aluskiht musta, halli v\u00f5i valge tooniga enne v\u00e4rvimist.","og_url":"https:\/\/autopaint.ee\/ru\/toode\/ars-\u0433\u0440\u0443\u043d\u0442-\u0447\u0451\u0440\u043d\u044b\u0439-\u0441\u0435\u0440\u044b\u0439-\u0431\u0435\u043b\u044b\u0439-500-\u043c\u043b\/","og_site_name":"Autopaint","article_modified_time":"2026-02-18T10:01:28+00:00","og_image":[{"width":800,"height":800,"url":"https:\/\/autopaint.ee\/wp-content\/uploads\/2026\/02\/ars-black-primer-spray.png","type":"image\/png"}],"twitter_card":"summary_large_image","schema":{"@context":"https:\/\/schema.org","@graph":[{"@type":"WebPage","@id":"https:\/\/autopaint.ee\/ru\/toode\/ars-%d0%b3%d1%80%d1%83%d0%bd%d1%82-%d1%87%d1%91%d1%80%d0%bd%d1%8b%d0%b9-%d1%81%d0%b5%d1%80%d1%8b%d0%b9-%d0%b1%d0%b5%d0%bb%d1%8b%d0%b9-500-%d0%bc%d0%bb\/","url":"https:\/\/autopaint.ee\/ru\/toode\/ars-%d0%b3%d1%80%d1%83%d0%bd%d1%82-%d1%87%d1%91%d1%80%d0%bd%d1%8b%d0%b9-%d1%81%d0%b5%d1%80%d1%8b%d0%b9-%d0%b1%d0%b5%d0%bb%d1%8b%d0%b9-500-%d0%bc%d0%bb\/","name":"ARS krunt 500 ml | Autopaint Eesti","isPartOf":{"@id":"https:\/\/autopaint.ee\/#website"},"primaryImageOfPage":{"@id":"https:\/\/autopaint.ee\/ru\/toode\/ars-%d0%b3%d1%80%d1%83%d0%bd%d1%82-%d1%87%d1%91%d1%80%d0%bd%d1%8b%d0%b9-%d1%81%d0%b5%d1%80%d1%8b%d0%b9-%d0%b1%d0%b5%d0%bb%d1%8b%d0%b9-500-%d0%bc%d0%bb\/#primaryimage"},"image":{"@id":"https:\/\/autopaint.ee\/ru\/toode\/ars-%d0%b3%d1%80%d1%83%d0%bd%d1%82-%d1%87%d1%91%d1%80%d0%bd%d1%8b%d0%b9-%d1%81%d0%b5%d1%80%d1%8b%d0%b9-%d0%b1%d0%b5%d0%bb%d1%8b%d0%b9-500-%d0%bc%d0%bb\/#primaryimage"},"thumbnailUrl":"https:\/\/autopaint.ee\/wp-content\/uploads\/2026\/02\/ars-black-primer-spray.png","datePublished":"2026-02-18T09:51:25+00:00","dateModified":"2026-02-18T10:01:28+00:00","description":"Krunt 500 ml \u2013 tugev nakkega aluskiht musta, halli v\u00f5i valge tooniga enne v\u00e4rvimist.","breadcrumb":{"@id":"https:\/\/autopaint.ee\/ru\/toode\/ars-%d0%b3%d1%80%d1%83%d0%bd%d1%82-%d1%87%d1%91%d1%80%d0%bd%d1%8b%d0%b9-%d1%81%d0%b5%d1%80%d1%8b%d0%b9-%d0%b1%d0%b5%d0%bb%d1%8b%d0%b9-500-%d0%bc%d0%bb\/#breadcrumb"},"inLanguage":"ru-RU","potentialAction":[{"@type":"ReadAction","target":["https:\/\/autopaint.ee\/ru\/toode\/ars-%d0%b3%d1%80%d1%83%d0%bd%d1%82-%d1%87%d1%91%d1%80%d0%bd%d1%8b%d0%b9-%d1%81%d0%b5%d1%80%d1%8b%d0%b9-%d0%b1%d0%b5%d0%bb%d1%8b%d0%b9-500-%d0%bc%d0%bb\/"]}]},{"@type":"ImageObject","inLanguage":"ru-RU","@id":"https:\/\/autopaint.ee\/ru\/toode\/ars-%d0%b3%d1%80%d1%83%d0%bd%d1%82-%d1%87%d1%91%d1%80%d0%bd%d1%8b%d0%b9-%d1%81%d0%b5%d1%80%d1%8b%d0%b9-%d0%b1%d0%b5%d0%bb%d1%8b%d0%b9-500-%d0%bc%d0%bb\/#primaryimage","url":"https:\/\/autopaint.ee\/wp-content\/uploads\/2026\/02\/ars-black-primer-spray.png","contentUrl":"https:\/\/autopaint.ee\/wp-content\/uploads\/2026\/02\/ars-black-primer-spray.png","width":800,"height":800,"caption":"ars black primer spray"},{"@type":"BreadcrumbList","@id":"https:\/\/autopaint.ee\/ru\/toode\/ars-%d0%b3%d1%80%d1%83%d0%bd%d1%82-%d1%87%d1%91%d1%80%d0%bd%d1%8b%d0%b9-%d1%81%d0%b5%d1%80%d1%8b%d0%b9-%d0%b1%d0%b5%d0%bb%d1%8b%d0%b9-500-%d0%bc%d0%bb\/#breadcrumb","itemListElement":[{"@type":"ListItem","position":1,"name":"Home","item":"https:\/\/autopaint.ee\/ru\/"},{"@type":"ListItem","position":2,"name":"\u041c\u0430\u0433\u0430\u0437\u0438\u043d","item":"https:\/\/autopaint.ee\/ru\/pood\/"},{"@type":"ListItem","position":3,"name":"ARS \u0433\u0440\u0443\u043d\u0442, \u0447\u0451\u0440\u043d\u044b\u0439 \/ \u0441\u0435\u0440\u044b\u0439 \/ \u0431\u0435\u043b\u044b\u0439, 500 \u043c\u043b"}]},{"@type":"WebSite","@id":"https:\/\/autopaint.ee\/#website","url":"https:\/\/autopaint.ee\/","name":"Autopaint","description":"J&auml;rgmine WordPress veebileht","publisher":{"@id":"https:\/\/autopaint.ee\/#organization"},"potentialAction":[{"@type":"SearchAction","target":{"@type":"EntryPoint","urlTemplate":"https:\/\/autopaint.ee\/?s={search_term_string}"},"query-input":{"@type":"PropertyValueSpecification","valueRequired":true,"valueName":"search_term_string"}}],"inLanguage":"ru-RU"},{"@type":"Organization","@id":"https:\/\/autopaint.ee\/#organization","name":"Autopaint O\u00dc","url":"https:\/\/autopaint.ee\/","logo":{"@type":"ImageObject","inLanguage":"ru-RU","@id":"https:\/\/autopaint.ee\/#\/schema\/logo\/image\/","url":"https:\/\/autopaint.ee\/wp-content\/uploads\/2023\/06\/cropped-logo.png","contentUrl":"https:\/\/autopaint.ee\/wp-content\/uploads\/2023\/06\/cropped-logo.png","width":221,"height":114,"caption":"Autopaint O\u00dc"},"image":{"@id":"https:\/\/autopaint.ee\/#\/schema\/logo\/image\/"}}]}},"_links":{"self":[{"href":"https:\/\/autopaint.ee\/ru\/wp-json\/wp\/v2\/product\/7888","targetHints":{"allow":["GET"]}}],"collection":[{"href":"https:\/\/autopaint.ee\/ru\/wp-json\/wp\/v2\/product"}],"about":[{"href":"https:\/\/autopaint.ee\/ru\/wp-json\/wp\/v2\/types\/product"}],"replies":[{"embeddable":true,"href":"https:\/\/autopaint.ee\/ru\/wp-json\/wp\/v2\/comments?post=7888"}],"version-history":[{"count":1,"href":"https:\/\/autopaint.ee\/ru\/wp-json\/wp\/v2\/product\/7888\/revisions"}],"predecessor-version":[{"id":7892,"href":"https:\/\/autopaint.ee\/ru\/wp-json\/wp\/v2\/product\/7888\/revisions\/7892"}],"wp:featuredmedia":[{"embeddable":true,"href":"https:\/\/autopaint.ee\/ru\/wp-json\/wp\/v2\/media\/7881"}],"wp:attachment":[{"href":"https:\/\/autopaint.ee\/ru\/wp-json\/wp\/v2\/media?parent=7888"}],"wp:term":[{"taxonomy":"product_brand","embeddable":true,"href":"https:\/\/autopaint.ee\/ru\/wp-json\/wp\/v2\/product_brand?post=7888"},{"taxonomy":"product_cat","embeddable":true,"href":"https:\/\/autopaint.ee\/ru\/wp-json\/wp\/v2\/product_cat?post=7888"},{"taxonomy":"product_tag","embeddable":true,"href":"https:\/\/autopaint.ee\/ru\/wp-json\/wp\/v2\/product_tag?post=7888"}],"curies":[{"name":"wp","href":"https:\/\/api.w.org\/{rel}","templated":true}]}}