{"id":7970,"date":"2026-02-18T14:18:05","date_gmt":"2026-02-18T14:18:05","guid":{"rendered":"https:\/\/autopaint.ee\/toode\/soll-express-%d1%83%d1%81%d0%ba%d0%be%d1%80%d0%b8%d1%82%d0%b5%d0%bb%d1%8c-%d1%81%d1%83%d1%88%d0%ba%d0%b8-500-%d0%bc%d0%bb\/"},"modified":"2026-02-18T14:18:05","modified_gmt":"2026-02-18T14:18:05","slug":"soll-express-%d1%83%d1%81%d0%ba%d0%be%d1%80%d0%b8%d1%82%d0%b5%d0%bb%d1%8c-%d1%81%d1%83%d1%88%d0%ba%d0%b8-500-%d0%bc%d0%bb","status":"publish","type":"product","link":"https:\/\/autopaint.ee\/ru\/toode\/soll-express-%d1%83%d1%81%d0%ba%d0%be%d1%80%d0%b8%d1%82%d0%b5%d0%bb%d1%8c-%d1%81%d1%83%d1%88%d0%ba%d0%b8-500-%d0%bc%d0%bb\/","title":{"rendered":"SOLL EXPRESS \u2014 \u0443\u0441\u043a\u043e\u0440\u0438\u0442\u0435\u043b\u044c \u0441\u0443\u0448\u043a\u0438, 500 \u043c\u043b"},"content":{"rendered":"<p><strong>\u041e\u043f\u0438\u0441\u0430\u043d\u0438\u0435:<\/strong><\/p>\n<p>SOLL EXPRESS \u2014 \u0441\u043f\u0435\u0446\u0438\u0430\u043b\u044c\u043d\u0430\u044f \u043b\u0430\u043a\u043e\u043a\u0440\u0430\u0441\u043e\u0447\u043d\u0430\u044f \u0434\u043e\u0431\u0430\u0432\u043a\u0430, \u043f\u0440\u0435\u0434\u043d\u0430\u0437\u043d\u0430\u0447\u0435\u043d\u043d\u0430\u044f \u0434\u043b\u044f \u0441\u043e\u043a\u0440\u0430\u0449\u0435\u043d\u0438\u044f \u0432\u0440\u0435\u043c\u0435\u043d\u0438 \u0441\u0443\u0448\u043a\u0438 2K \u043f\u043e\u043b\u0438\u0443\u0440\u0435\u0442\u0430\u043d\u043e\u0432\u044b\u0445 \u0438 \u0430\u043a\u0440\u0438\u043b\u043e\u0432\u044b\u0445 \u043a\u0440\u0430\u0441\u043e\u043a \u0438 \u043b\u0430\u043a\u043e\u0432. \u0418\u0441\u043f\u043e\u043b\u044c\u0437\u0443\u0435\u0442\u0441\u044f \u0434\u043b\u044f \u0443\u0441\u043a\u043e\u0440\u0435\u043d\u0438\u044f \u0442\u0435\u0445\u043d\u043e\u043b\u043e\u0433\u0438\u0447\u0435\u0441\u043a\u043e\u0433\u043e \u043f\u0440\u043e\u0446\u0435\u0441\u0441\u0430 \u043e\u043a\u0440\u0430\u0441\u043a\u0438 \u0438 \u0443\u043c\u0435\u043d\u044c\u0448\u0435\u043d\u0438\u044f \u0432\u0440\u0435\u043c\u0435\u043d\u0438 \u043e\u0436\u0438\u0434\u0430\u043d\u0438\u044f \u043c\u0435\u0436\u0434\u0443 \u044d\u0442\u0430\u043f\u0430\u043c\u0438 \u0440\u0430\u0431\u043e\u0442.<\/p>\n<p>\u0414\u043e\u0431\u0430\u0432\u043a\u0430 \u043f\u0440\u0438\u043c\u0435\u043d\u044f\u0435\u0442\u0441\u044f \u0432 \u043a\u043e\u043b\u0438\u0447\u0435\u0441\u0442\u0432\u0435 1\u20132% \u043e\u0442 \u043e\u0431\u0449\u0435\u0439 \u043c\u0430\u0441\u0441\u044b \u043b\u0430\u043a\u0430 \u0441 \u043e\u0442\u0432\u0435\u0440\u0434\u0438\u0442\u0435\u043b\u0435\u043c. \u0421\u0442\u0440\u043e\u0433\u043e \u043d\u0435 \u0440\u0435\u043a\u043e\u043c\u0435\u043d\u0434\u0443\u0435\u0442\u0441\u044f \u043f\u0440\u0435\u0432\u044b\u0448\u0430\u0442\u044c \u0443\u043a\u0430\u0437\u0430\u043d\u043d\u0443\u044e \u0434\u043e\u0437\u0438\u0440\u043e\u0432\u043a\u0443, \u0442\u0430\u043a \u043a\u0430\u043a \u044d\u0442\u043e \u043c\u043e\u0436\u0435\u0442 \u043f\u0440\u0438\u0432\u0435\u0441\u0442\u0438 \u043a \u0440\u0430\u0441\u0442\u0440\u0435\u0441\u043a\u0438\u0432\u0430\u043d\u0438\u044e \u043f\u043e\u043a\u0440\u044b\u0442\u0438\u044f, \u043f\u043e\u0442\u0435\u0440\u0435 \u0431\u043b\u0435\u0441\u043a\u0430 \u0438 \u0443\u0445\u0443\u0434\u0448\u0435\u043d\u0438\u044e \u0430\u0434\u0433\u0435\u0437\u0438\u0438 \u043a \u043e\u0441\u043d\u043e\u0432\u0430\u043d\u0438\u044e. \u041f\u0435\u0440\u0435\u0434 \u0438\u0441\u043f\u043e\u043b\u044c\u0437\u043e\u0432\u0430\u043d\u0438\u0435\u043c \u0440\u0435\u043a\u043e\u043c\u0435\u043d\u0434\u0443\u0435\u0442\u0441\u044f \u0442\u0449\u0430\u0442\u0435\u043b\u044c\u043d\u043e \u043f\u0435\u0440\u0435\u043c\u0435\u0448\u0430\u0442\u044c \u043f\u0440\u043e\u0434\u0443\u043a\u0442 \u0441 \u043b\u0430\u043a\u043e\u043c \u0438 \u0441\u043e\u0431\u043b\u044e\u0434\u0430\u0442\u044c \u0442\u0435\u0445\u043d\u0438\u0447\u0435\u0441\u043a\u0438\u0435 \u0438\u043d\u0441\u0442\u0440\u0443\u043a\u0446\u0438\u0438 \u043f\u0440\u043e\u0438\u0437\u0432\u043e\u0434\u0438\u0442\u0435\u043b\u044f \u043b\u0430\u043a\u043e\u043a\u0440\u0430\u0441\u043e\u0447\u043d\u043e\u0433\u043e \u043c\u0430\u0442\u0435\u0440\u0438\u0430\u043b\u0430.<\/p>\n<p>&nbsp;<\/p>\n<p><strong>\u041f\u0440\u0435\u0438\u043c\u0443\u0449\u0435\u0441\u0442\u0432\u0430:<\/strong><\/p>\n<p>\u2714 \u0441\u043e\u043a\u0440\u0430\u0449\u0430\u0435\u0442 \u0432\u0440\u0435\u043c\u044f \u0441\u0443\u0448\u043a\u0438 2K \u043c\u0430\u0442\u0435\u0440\u0438\u0430\u043b\u043e\u0432<\/p>\n<p>\u2714 \u0443\u0441\u043a\u043e\u0440\u044f\u0435\u0442 \u043f\u0440\u043e\u0446\u0435\u0441\u0441 \u043e\u043a\u0440\u0430\u0441\u043a\u0438<\/p>\n<p>\u2714 \u043f\u043e\u0434\u0445\u043e\u0434\u0438\u0442 \u0434\u043b\u044f \u043f\u043e\u043b\u0438\u0443\u0440\u0435\u0442\u0430\u043d\u043e\u0432\u044b\u0445 \u0438 \u0430\u043a\u0440\u0438\u043b\u043e\u0432\u044b\u0445 \u0441\u0438\u0441\u0442\u0435\u043c<\/p>\n<p>\u2714 \u0443\u0434\u043e\u0431\u0435\u043d \u0434\u043b\u044f \u043f\u0440\u043e\u0444\u0435\u0441\u0441\u0438\u043e\u043d\u0430\u043b\u044c\u043d\u043e\u0433\u043e \u043f\u0440\u0438\u043c\u0435\u043d\u0435\u043d\u0438\u044f<\/p>\n<p>\u2714 \u0443\u043b\u0443\u0447\u0448\u0430\u0435\u0442 \u043f\u0440\u043e\u0438\u0437\u0432\u043e\u0434\u0438\u0442\u0435\u043b\u044c\u043d\u043e\u0441\u0442\u044c \u0440\u0430\u0431\u043e\u0442<\/p>\n<p>&nbsp;<\/p>\n<p><strong>\u041e\u0431\u043b\u0430\u0441\u0442\u044c \u043f\u0440\u0438\u043c\u0435\u043d\u0435\u043d\u0438\u044f:<\/strong><\/p>\n<p><b>\ud83d\udd39 \u0434\u043e\u0431\u0430\u0432\u043a\u0430 \u043a 2K \u043b\u0430\u043a\u0430\u043c<\/b><b><\/b><\/p>\n<p>\ud83d\udd39 \u0434\u043e\u0431\u0430\u0432\u043a\u0430 \u043a 2K \u0430\u043a\u0440\u0438\u043b\u043e\u0432\u044b\u043c \u0438 \u043f\u043e\u043b\u0438\u0443\u0440\u0435\u0442\u0430\u043d\u043e\u0432\u044b\u043c \u043a\u0440\u0430\u0441\u043a\u0430\u043c<\/p>\n<p>\ud83d\udd39 \u043f\u0440\u043e\u0444\u0435\u0441\u0441\u0438\u043e\u043d\u0430\u043b\u044c\u043d\u044b\u0435 \u043c\u0430\u043b\u044f\u0440\u043d\u044b\u0435 \u0440\u0430\u0431\u043e\u0442\u044b<\/p>\n<p>&nbsp;<\/p>\n<p><strong>\u0421\u043e\u0432\u043c\u0435\u0441\u0442\u0438\u043c\u043e\u0441\u0442\u044c:<\/strong><\/p>\n<p><b>\u2013<\/b> 2K \u043f\u043e\u043b\u0438\u0443\u0440\u0435\u0442\u0430\u043d\u043e\u0432\u044b\u0435 \u043b\u0430\u043a\u0438<\/p>\n<p>\u2013 2K \u0430\u043a\u0440\u0438\u043b\u043e\u0432\u044b\u0435 \u043b\u0430\u043a\u0438 \u0438 \u043a\u0440\u0430\u0441\u043a\u0438<\/p>\n<p>&nbsp;<\/p>\n<p><strong>NB!: \u041d\u0435 \u043f\u0440\u0435\u0432\u044b\u0448\u0430\u0442\u044c \u0434\u043e\u0437\u0438\u0440\u043e\u0432\u043a\u0443 1\u20132%. \u0418\u0437\u0431\u044b\u0442\u043e\u0447\u043d\u043e\u0435 \u043a\u043e\u043b\u0438\u0447\u0435\u0441\u0442\u0432\u043e \u043c\u043e\u0436\u0435\u0442 \u0432\u044b\u0437\u0432\u0430\u0442\u044c \u0434\u0435\u0444\u0435\u043a\u0442\u044b \u043f\u043e\u043a\u0440\u044b\u0442\u0438\u044f (\u0440\u0430\u0441\u0442\u0440\u0435\u0441\u043a\u0438\u0432\u0430\u043d\u0438\u0435, \u0441\u043d\u0438\u0436\u0435\u043d\u0438\u0435 \u0431\u043b\u0435\u0441\u043a\u0430, \u0443\u0445\u0443\u0434\u0448\u0435\u043d\u0438\u0435 \u0430\u0434\u0433\u0435\u0437\u0438\u0438).<\/strong><\/p>\n","protected":false},"excerpt":{"rendered":"<p>\u0414\u043e\u0431\u0430\u0432\u043a\u0430 \u0434\u043b\u044f \u0443\u0441\u043a\u043e\u0440\u0435\u043d\u0438\u044f \u0441\u0443\u0448\u043a\u0438 2K \u043f\u043e\u043b\u0438\u0443\u0440\u0435\u0442\u0430\u043d\u043e\u0432\u044b\u0445 \u0438 \u0430\u043a\u0440\u0438\u043b\u043e\u0432\u044b\u0445 \u043b\u0430\u043a\u043e\u0432. \u0418\u0441\u043f\u043e\u043b\u044c\u0437\u0443\u0435\u0442\u0441\u044f \u0432 \u0434\u043e\u0437\u0438\u0440\u043e\u0432\u043a\u0435 1\u20132%.<\/p>\n<p><strong>NB!: \u041d\u0435 \u043f\u0440\u0435\u0432\u044b\u0448\u0430\u0442\u044c \u0434\u043e\u0437\u0438\u0440\u043e\u0432\u043a\u0443 1\u20132%. \u0418\u0437\u0431\u044b\u0442\u043e\u0447\u043d\u043e\u0435 \u043a\u043e\u043b\u0438\u0447\u0435\u0441\u0442\u0432\u043e \u043c\u043e\u0436\u0435\u0442 \u0432\u044b\u0437\u0432\u0430\u0442\u044c \u0434\u0435\u0444\u0435\u043a\u0442\u044b \u043f\u043e\u043a\u0440\u044b\u0442\u0438\u044f (\u0440\u0430\u0441\u0442\u0440\u0435\u0441\u043a\u0438\u0432\u0430\u043d\u0438\u0435, \u0441\u043d\u0438\u0436\u0435\u043d\u0438\u0435 \u0431\u043b\u0435\u0441\u043a\u0430, \u0443\u0445\u0443\u0434\u0448\u0435\u043d\u0438\u0435 \u0430\u0434\u0433\u0435\u0437\u0438\u0438).<\/strong><\/p>\n","protected":false},"featured_media":7968,"comment_status":"open","ping_status":"closed","template":"","meta":[],"product_brand":[330],"product_cat":[353,315],"product_tag":[],"class_list":{"0":"post-7970","1":"product","2":"type-product","3":"status-publish","4":"has-post-thumbnail","6":"product_brand-ars-soll","7":"product_cat-dobavki","8":"product_cat-315","10":"first","11":"instock","12":"taxable","13":"shipping-taxable","14":"purchasable","15":"product-type-simple"},"yoast_head":"<!-- This site is optimized with the Yoast SEO plugin v27.3 - https:\/\/yoast.com\/product\/yoast-seo-wordpress\/ -->\n<title>SOLL Express kuivamiskiirendi 500 ml | Autopaint Eesti<\/title>\n<meta name=\"description\" content=\"Express kuivamiskiirendi 500 ml \u2013 kiirendab v\u00e4rvi ja lakkide kuivamist autoremondi t\u00f6\u00f6del.\" \/>\n<meta name=\"robots\" content=\"index, follow, max-snippet:-1, max-image-preview:large, max-video-preview:-1\" \/>\n<link rel=\"canonical\" href=\"https:\/\/autopaint.ee\/ru\/toode\/soll-express-\u0443\u0441\u043a\u043e\u0440\u0438\u0442\u0435\u043b\u044c-\u0441\u0443\u0448\u043a\u0438-500-\u043c\u043b\/\" \/>\n<meta property=\"og:locale\" content=\"ru_RU\" \/>\n<meta property=\"og:type\" content=\"article\" \/>\n<meta property=\"og:title\" content=\"SOLL Express kuivamiskiirendi 500 ml | Autopaint Eesti\" \/>\n<meta property=\"og:description\" content=\"Express kuivamiskiirendi 500 ml \u2013 kiirendab v\u00e4rvi ja lakkide kuivamist autoremondi t\u00f6\u00f6del.\" \/>\n<meta property=\"og:url\" content=\"https:\/\/autopaint.ee\/ru\/toode\/soll-express-\u0443\u0441\u043a\u043e\u0440\u0438\u0442\u0435\u043b\u044c-\u0441\u0443\u0448\u043a\u0438-500-\u043c\u043b\/\" \/>\n<meta property=\"og:site_name\" content=\"Autopaint\" \/>\n<meta property=\"og:image\" content=\"https:\/\/autopaint.ee\/wp-content\/uploads\/2026\/02\/soll-drying-accelerator.png\" \/>\n\t<meta property=\"og:image:width\" content=\"800\" \/>\n\t<meta property=\"og:image:height\" content=\"800\" \/>\n\t<meta property=\"og:image:type\" content=\"image\/png\" \/>\n<meta name=\"twitter:card\" content=\"summary_large_image\" \/>\n<script type=\"application\/ld+json\" class=\"yoast-schema-graph\">{\"@context\":\"https:\\\/\\\/schema.org\",\"@graph\":[{\"@type\":\"WebPage\",\"@id\":\"https:\\\/\\\/autopaint.ee\\\/ru\\\/toode\\\/soll-express-%d1%83%d1%81%d0%ba%d0%be%d1%80%d0%b8%d1%82%d0%b5%d0%bb%d1%8c-%d1%81%d1%83%d1%88%d0%ba%d0%b8-500-%d0%bc%d0%bb\\\/\",\"url\":\"https:\\\/\\\/autopaint.ee\\\/ru\\\/toode\\\/soll-express-%d1%83%d1%81%d0%ba%d0%be%d1%80%d0%b8%d1%82%d0%b5%d0%bb%d1%8c-%d1%81%d1%83%d1%88%d0%ba%d0%b8-500-%d0%bc%d0%bb\\\/\",\"name\":\"SOLL Express kuivamiskiirendi 500 ml | Autopaint Eesti\",\"isPartOf\":{\"@id\":\"https:\\\/\\\/autopaint.ee\\\/#website\"},\"primaryImageOfPage\":{\"@id\":\"https:\\\/\\\/autopaint.ee\\\/ru\\\/toode\\\/soll-express-%d1%83%d1%81%d0%ba%d0%be%d1%80%d0%b8%d1%82%d0%b5%d0%bb%d1%8c-%d1%81%d1%83%d1%88%d0%ba%d0%b8-500-%d0%bc%d0%bb\\\/#primaryimage\"},\"image\":{\"@id\":\"https:\\\/\\\/autopaint.ee\\\/ru\\\/toode\\\/soll-express-%d1%83%d1%81%d0%ba%d0%be%d1%80%d0%b8%d1%82%d0%b5%d0%bb%d1%8c-%d1%81%d1%83%d1%88%d0%ba%d0%b8-500-%d0%bc%d0%bb\\\/#primaryimage\"},\"thumbnailUrl\":\"https:\\\/\\\/autopaint.ee\\\/wp-content\\\/uploads\\\/2026\\\/02\\\/soll-drying-accelerator.png\",\"datePublished\":\"2026-02-18T14:18:05+00:00\",\"description\":\"Express kuivamiskiirendi 500 ml \u2013 kiirendab v\u00e4rvi ja lakkide kuivamist autoremondi t\u00f6\u00f6del.\",\"breadcrumb\":{\"@id\":\"https:\\\/\\\/autopaint.ee\\\/ru\\\/toode\\\/soll-express-%d1%83%d1%81%d0%ba%d0%be%d1%80%d0%b8%d1%82%d0%b5%d0%bb%d1%8c-%d1%81%d1%83%d1%88%d0%ba%d0%b8-500-%d0%bc%d0%bb\\\/#breadcrumb\"},\"inLanguage\":\"ru-RU\",\"potentialAction\":[{\"@type\":\"ReadAction\",\"target\":[\"https:\\\/\\\/autopaint.ee\\\/ru\\\/toode\\\/soll-express-%d1%83%d1%81%d0%ba%d0%be%d1%80%d0%b8%d1%82%d0%b5%d0%bb%d1%8c-%d1%81%d1%83%d1%88%d0%ba%d0%b8-500-%d0%bc%d0%bb\\\/\"]}]},{\"@type\":\"ImageObject\",\"inLanguage\":\"ru-RU\",\"@id\":\"https:\\\/\\\/autopaint.ee\\\/ru\\\/toode\\\/soll-express-%d1%83%d1%81%d0%ba%d0%be%d1%80%d0%b8%d1%82%d0%b5%d0%bb%d1%8c-%d1%81%d1%83%d1%88%d0%ba%d0%b8-500-%d0%bc%d0%bb\\\/#primaryimage\",\"url\":\"https:\\\/\\\/autopaint.ee\\\/wp-content\\\/uploads\\\/2026\\\/02\\\/soll-drying-accelerator.png\",\"contentUrl\":\"https:\\\/\\\/autopaint.ee\\\/wp-content\\\/uploads\\\/2026\\\/02\\\/soll-drying-accelerator.png\",\"width\":800,\"height\":800,\"caption\":\"soll drying accelerator\"},{\"@type\":\"BreadcrumbList\",\"@id\":\"https:\\\/\\\/autopaint.ee\\\/ru\\\/toode\\\/soll-express-%d1%83%d1%81%d0%ba%d0%be%d1%80%d0%b8%d1%82%d0%b5%d0%bb%d1%8c-%d1%81%d1%83%d1%88%d0%ba%d0%b8-500-%d0%bc%d0%bb\\\/#breadcrumb\",\"itemListElement\":[{\"@type\":\"ListItem\",\"position\":1,\"name\":\"Home\",\"item\":\"https:\\\/\\\/autopaint.ee\\\/ru\\\/\"},{\"@type\":\"ListItem\",\"position\":2,\"name\":\"\u041c\u0430\u0433\u0430\u0437\u0438\u043d\",\"item\":\"https:\\\/\\\/autopaint.ee\\\/ru\\\/pood\\\/\"},{\"@type\":\"ListItem\",\"position\":3,\"name\":\"SOLL EXPRESS \u2014 \u0443\u0441\u043a\u043e\u0440\u0438\u0442\u0435\u043b\u044c \u0441\u0443\u0448\u043a\u0438, 500 \u043c\u043b\"}]},{\"@type\":\"WebSite\",\"@id\":\"https:\\\/\\\/autopaint.ee\\\/#website\",\"url\":\"https:\\\/\\\/autopaint.ee\\\/\",\"name\":\"Autopaint\",\"description\":\"J&auml;rgmine WordPress veebileht\",\"publisher\":{\"@id\":\"https:\\\/\\\/autopaint.ee\\\/#organization\"},\"potentialAction\":[{\"@type\":\"SearchAction\",\"target\":{\"@type\":\"EntryPoint\",\"urlTemplate\":\"https:\\\/\\\/autopaint.ee\\\/?s={search_term_string}\"},\"query-input\":{\"@type\":\"PropertyValueSpecification\",\"valueRequired\":true,\"valueName\":\"search_term_string\"}}],\"inLanguage\":\"ru-RU\"},{\"@type\":\"Organization\",\"@id\":\"https:\\\/\\\/autopaint.ee\\\/#organization\",\"name\":\"Autopaint O\u00dc\",\"url\":\"https:\\\/\\\/autopaint.ee\\\/\",\"logo\":{\"@type\":\"ImageObject\",\"inLanguage\":\"ru-RU\",\"@id\":\"https:\\\/\\\/autopaint.ee\\\/#\\\/schema\\\/logo\\\/image\\\/\",\"url\":\"https:\\\/\\\/autopaint.ee\\\/wp-content\\\/uploads\\\/2023\\\/06\\\/cropped-logo.png\",\"contentUrl\":\"https:\\\/\\\/autopaint.ee\\\/wp-content\\\/uploads\\\/2023\\\/06\\\/cropped-logo.png\",\"width\":221,\"height\":114,\"caption\":\"Autopaint O\u00dc\"},\"image\":{\"@id\":\"https:\\\/\\\/autopaint.ee\\\/#\\\/schema\\\/logo\\\/image\\\/\"}}]}<\/script>\n<!-- \/ Yoast SEO plugin. -->","yoast_head_json":{"title":"SOLL Express kuivamiskiirendi 500 ml | Autopaint Eesti","description":"Express kuivamiskiirendi 500 ml \u2013 kiirendab v\u00e4rvi ja lakkide kuivamist autoremondi t\u00f6\u00f6del.","robots":{"index":"index","follow":"follow","max-snippet":"max-snippet:-1","max-image-preview":"max-image-preview:large","max-video-preview":"max-video-preview:-1"},"canonical":"https:\/\/autopaint.ee\/ru\/toode\/soll-express-\u0443\u0441\u043a\u043e\u0440\u0438\u0442\u0435\u043b\u044c-\u0441\u0443\u0448\u043a\u0438-500-\u043c\u043b\/","og_locale":"ru_RU","og_type":"article","og_title":"SOLL Express kuivamiskiirendi 500 ml | Autopaint Eesti","og_description":"Express kuivamiskiirendi 500 ml \u2013 kiirendab v\u00e4rvi ja lakkide kuivamist autoremondi t\u00f6\u00f6del.","og_url":"https:\/\/autopaint.ee\/ru\/toode\/soll-express-\u0443\u0441\u043a\u043e\u0440\u0438\u0442\u0435\u043b\u044c-\u0441\u0443\u0448\u043a\u0438-500-\u043c\u043b\/","og_site_name":"Autopaint","og_image":[{"width":800,"height":800,"url":"https:\/\/autopaint.ee\/wp-content\/uploads\/2026\/02\/soll-drying-accelerator.png","type":"image\/png"}],"twitter_card":"summary_large_image","schema":{"@context":"https:\/\/schema.org","@graph":[{"@type":"WebPage","@id":"https:\/\/autopaint.ee\/ru\/toode\/soll-express-%d1%83%d1%81%d0%ba%d0%be%d1%80%d0%b8%d1%82%d0%b5%d0%bb%d1%8c-%d1%81%d1%83%d1%88%d0%ba%d0%b8-500-%d0%bc%d0%bb\/","url":"https:\/\/autopaint.ee\/ru\/toode\/soll-express-%d1%83%d1%81%d0%ba%d0%be%d1%80%d0%b8%d1%82%d0%b5%d0%bb%d1%8c-%d1%81%d1%83%d1%88%d0%ba%d0%b8-500-%d0%bc%d0%bb\/","name":"SOLL Express kuivamiskiirendi 500 ml | Autopaint Eesti","isPartOf":{"@id":"https:\/\/autopaint.ee\/#website"},"primaryImageOfPage":{"@id":"https:\/\/autopaint.ee\/ru\/toode\/soll-express-%d1%83%d1%81%d0%ba%d0%be%d1%80%d0%b8%d1%82%d0%b5%d0%bb%d1%8c-%d1%81%d1%83%d1%88%d0%ba%d0%b8-500-%d0%bc%d0%bb\/#primaryimage"},"image":{"@id":"https:\/\/autopaint.ee\/ru\/toode\/soll-express-%d1%83%d1%81%d0%ba%d0%be%d1%80%d0%b8%d1%82%d0%b5%d0%bb%d1%8c-%d1%81%d1%83%d1%88%d0%ba%d0%b8-500-%d0%bc%d0%bb\/#primaryimage"},"thumbnailUrl":"https:\/\/autopaint.ee\/wp-content\/uploads\/2026\/02\/soll-drying-accelerator.png","datePublished":"2026-02-18T14:18:05+00:00","description":"Express kuivamiskiirendi 500 ml \u2013 kiirendab v\u00e4rvi ja lakkide kuivamist autoremondi t\u00f6\u00f6del.","breadcrumb":{"@id":"https:\/\/autopaint.ee\/ru\/toode\/soll-express-%d1%83%d1%81%d0%ba%d0%be%d1%80%d0%b8%d1%82%d0%b5%d0%bb%d1%8c-%d1%81%d1%83%d1%88%d0%ba%d0%b8-500-%d0%bc%d0%bb\/#breadcrumb"},"inLanguage":"ru-RU","potentialAction":[{"@type":"ReadAction","target":["https:\/\/autopaint.ee\/ru\/toode\/soll-express-%d1%83%d1%81%d0%ba%d0%be%d1%80%d0%b8%d1%82%d0%b5%d0%bb%d1%8c-%d1%81%d1%83%d1%88%d0%ba%d0%b8-500-%d0%bc%d0%bb\/"]}]},{"@type":"ImageObject","inLanguage":"ru-RU","@id":"https:\/\/autopaint.ee\/ru\/toode\/soll-express-%d1%83%d1%81%d0%ba%d0%be%d1%80%d0%b8%d1%82%d0%b5%d0%bb%d1%8c-%d1%81%d1%83%d1%88%d0%ba%d0%b8-500-%d0%bc%d0%bb\/#primaryimage","url":"https:\/\/autopaint.ee\/wp-content\/uploads\/2026\/02\/soll-drying-accelerator.png","contentUrl":"https:\/\/autopaint.ee\/wp-content\/uploads\/2026\/02\/soll-drying-accelerator.png","width":800,"height":800,"caption":"soll drying accelerator"},{"@type":"BreadcrumbList","@id":"https:\/\/autopaint.ee\/ru\/toode\/soll-express-%d1%83%d1%81%d0%ba%d0%be%d1%80%d0%b8%d1%82%d0%b5%d0%bb%d1%8c-%d1%81%d1%83%d1%88%d0%ba%d0%b8-500-%d0%bc%d0%bb\/#breadcrumb","itemListElement":[{"@type":"ListItem","position":1,"name":"Home","item":"https:\/\/autopaint.ee\/ru\/"},{"@type":"ListItem","position":2,"name":"\u041c\u0430\u0433\u0430\u0437\u0438\u043d","item":"https:\/\/autopaint.ee\/ru\/pood\/"},{"@type":"ListItem","position":3,"name":"SOLL EXPRESS \u2014 \u0443\u0441\u043a\u043e\u0440\u0438\u0442\u0435\u043b\u044c \u0441\u0443\u0448\u043a\u0438, 500 \u043c\u043b"}]},{"@type":"WebSite","@id":"https:\/\/autopaint.ee\/#website","url":"https:\/\/autopaint.ee\/","name":"Autopaint","description":"J&auml;rgmine WordPress veebileht","publisher":{"@id":"https:\/\/autopaint.ee\/#organization"},"potentialAction":[{"@type":"SearchAction","target":{"@type":"EntryPoint","urlTemplate":"https:\/\/autopaint.ee\/?s={search_term_string}"},"query-input":{"@type":"PropertyValueSpecification","valueRequired":true,"valueName":"search_term_string"}}],"inLanguage":"ru-RU"},{"@type":"Organization","@id":"https:\/\/autopaint.ee\/#organization","name":"Autopaint O\u00dc","url":"https:\/\/autopaint.ee\/","logo":{"@type":"ImageObject","inLanguage":"ru-RU","@id":"https:\/\/autopaint.ee\/#\/schema\/logo\/image\/","url":"https:\/\/autopaint.ee\/wp-content\/uploads\/2023\/06\/cropped-logo.png","contentUrl":"https:\/\/autopaint.ee\/wp-content\/uploads\/2023\/06\/cropped-logo.png","width":221,"height":114,"caption":"Autopaint O\u00dc"},"image":{"@id":"https:\/\/autopaint.ee\/#\/schema\/logo\/image\/"}}]}},"_links":{"self":[{"href":"https:\/\/autopaint.ee\/ru\/wp-json\/wp\/v2\/product\/7970","targetHints":{"allow":["GET"]}}],"collection":[{"href":"https:\/\/autopaint.ee\/ru\/wp-json\/wp\/v2\/product"}],"about":[{"href":"https:\/\/autopaint.ee\/ru\/wp-json\/wp\/v2\/types\/product"}],"replies":[{"embeddable":true,"href":"https:\/\/autopaint.ee\/ru\/wp-json\/wp\/v2\/comments?post=7970"}],"version-history":[{"count":0,"href":"https:\/\/autopaint.ee\/ru\/wp-json\/wp\/v2\/product\/7970\/revisions"}],"wp:featuredmedia":[{"embeddable":true,"href":"https:\/\/autopaint.ee\/ru\/wp-json\/wp\/v2\/media\/7968"}],"wp:attachment":[{"href":"https:\/\/autopaint.ee\/ru\/wp-json\/wp\/v2\/media?parent=7970"}],"wp:term":[{"taxonomy":"product_brand","embeddable":true,"href":"https:\/\/autopaint.ee\/ru\/wp-json\/wp\/v2\/product_brand?post=7970"},{"taxonomy":"product_cat","embeddable":true,"href":"https:\/\/autopaint.ee\/ru\/wp-json\/wp\/v2\/product_cat?post=7970"},{"taxonomy":"product_tag","embeddable":true,"href":"https:\/\/autopaint.ee\/ru\/wp-json\/wp\/v2\/product_tag?post=7970"}],"curies":[{"name":"wp","href":"https:\/\/api.w.org\/{rel}","templated":true}]}}